{"id":1088,"date":"2021-02-09T13:50:19","date_gmt":"2021-02-09T13:50:19","guid":{"rendered":"http:\/\/braumanufaktur.tu-dortmund.de\/?page_id=1088"},"modified":"2022-01-14T12:09:59","modified_gmt":"2022-01-14T12:09:59","slug":"phoenix-2","status":"publish","type":"page","link":"https:\/\/braumanufaktur.tu-dortmund.de\/?page_id=1088","title":{"rendered":"Phoenix"},"content":{"rendered":"\t\t<div data-elementor-type=\"wp-post\" data-elementor-id=\"1088\" class=\"elementor elementor-1088\">\n\t\t\t\t\t\t<section class=\"elementor-section elementor-top-section elementor-element elementor-element-181069c7 elementor-section-boxed elementor-section-height-default elementor-section-height-default\" data-id=\"181069c7\" data-element_type=\"section\" data-e-type=\"section\">\n\t\t\t\t\t\t<div class=\"elementor-container elementor-column-gap-default\">\n\t\t\t\t\t<div class=\"elementor-column elementor-col-100 elementor-top-column elementor-element elementor-element-3645919b\" data-id=\"3645919b\" data-element_type=\"column\" data-e-type=\"column\">\n\t\t\t<div class=\"elementor-widget-wrap elementor-element-populated\">\n\t\t\t\t\t\t<div class=\"elementor-element elementor-element-6e4c35ef elementor-widget elementor-widget-text-editor\" data-id=\"6e4c35ef\" data-element_type=\"widget\" data-e-type=\"widget\" data-widget_type=\"text-editor.default\">\n\t\t\t\t<div class=\"elementor-widget-container\">\n\t\t\t\t\t\t\t\t\t<p>&nbsp;<\/p>\n<p><img fetchpriority=\"high\" decoding=\"async\" fetchpriority=\"high\" class=\"wp-image-324 aligncenter\" src=\"https:\/\/braumanufaktur.tu-dortmund.de\/wp-content\/uploads\/2020\/12\/Phoenix.png\" alt=\"\" width=\"498\" height=\"448\" \/><\/p>\n<p>&nbsp;<\/p>\n<p style=\"text-align: justify\">W\u00e4hrend oben in der H\u00fctte das Eisenerz unter gl\u00fchender Hitze zu Stahl verarbeitet wurde, f\u00fcllte gleichzeitig ein Arbeiter im Keller ein Bier ab, dass die gleiche Farbe wie die gl\u00fchende Schlacke der Hoch\u00f6fen besa\u00df.<\/p>\n<p>Biertyp: Amber Kellerbier<br \/>\nAlkoholgehalt: 5,1 vol.-%<br \/>\nBitterkeit: 15 IBU<br \/>\nFarbe: 20 EBC<\/p>\n\t\t\t\t\t\t\t\t<\/div>\n\t\t\t\t<\/div>\n\t\t\t\t\t<\/div>\n\t\t<\/div>\n\t\t\t\t\t<\/div>\n\t\t<\/section>\n\t\t\t\t<section class=\"elementor-section elementor-top-section elementor-element elementor-element-40ca30d elementor-section-boxed elementor-section-height-default elementor-section-height-default\" data-id=\"40ca30d\" data-element_type=\"section\" data-e-type=\"section\">\n\t\t\t\t\t\t<div class=\"elementor-container elementor-column-gap-default\">\n\t\t\t\t\t<div class=\"elementor-column elementor-col-100 elementor-top-column elementor-element elementor-element-6836466\" data-id=\"6836466\" data-element_type=\"column\" data-e-type=\"column\">\n\t\t\t<div class=\"elementor-widget-wrap elementor-element-populated\">\n\t\t\t\t\t\t<div class=\"elementor-element elementor-element-f76c7e2 elementor-widget elementor-widget-image-gallery\" data-id=\"f76c7e2\" data-element_type=\"widget\" data-e-type=\"widget\" data-widget_type=\"image-gallery.default\">\n\t\t\t\t<div class=\"elementor-widget-container\">\n\t\t\t\t\t\t\t<div class=\"elementor-image-gallery\">\n\t\t\t\n\t\t<style type=\"text\/css\">\n\t\t\t#gallery-1 {\n\t\t\t\tmargin: auto;\n\t\t\t}\n\t\t\t#gallery-1 .gallery-item {\n\t\t\t\tfloat: left;\n\t\t\t\tmargin-top: 10px;\n\t\t\t\ttext-align: center;\n\t\t\t\twidth: 100%;\n\t\t\t}\n\t\t\t#gallery-1 img {\n\t\t\t\tborder: 2px solid #cfcfcf;\n\t\t\t}\n\t\t\t#gallery-1 .gallery-caption {\n\t\t\t\tmargin-left: 0;\n\t\t\t}\n\t\t\t\/* see gallery_shortcode() in wp-includes\/media.php *\/\n\t\t<\/style>\n\t\t<div id='gallery-1' class='gallery galleryid-1088 gallery-columns-1 gallery-size-medium'><dl class='gallery-item'>\n\t\t\t<dt class='gallery-icon portrait'>\n\t\t\t\t<a data-elementor-open-lightbox=\"yes\" data-elementor-lightbox-slideshow=\"f76c7e2\" data-elementor-lightbox-title=\"IMG_20210212_152112\" data-e-action-hash=\"#elementor-action%3Aaction%3Dlightbox%26settings%3DeyJpZCI6MTEyNywidXJsIjoiaHR0cHM6XC9cL2JyYXVtYW51ZmFrdHVyLnR1LWRvcnRtdW5kLmRlXC93cC1jb250ZW50XC91cGxvYWRzXC8yMDIxXC8wMlwvSU1HXzIwMjEwMjEyXzE1MjExMi1zY2FsZWQuanBnIiwic2xpZGVzaG93IjoiZjc2YzdlMiJ9\" href='https:\/\/braumanufaktur.tu-dortmund.de\/wp-content\/uploads\/2021\/02\/IMG_20210212_152112-scaled.jpg'><img decoding=\"async\" width=\"225\" height=\"300\" src=\"https:\/\/braumanufaktur.tu-dortmund.de\/wp-content\/uploads\/2021\/02\/IMG_20210212_152112-225x300.jpg\" class=\"attachment-medium size-medium\" alt=\"\" srcset=\"https:\/\/braumanufaktur.tu-dortmund.de\/wp-content\/uploads\/2021\/02\/IMG_20210212_152112-225x300.jpg 225w, https:\/\/braumanufaktur.tu-dortmund.de\/wp-content\/uploads\/2021\/02\/IMG_20210212_152112-768x1024.jpg 768w, https:\/\/braumanufaktur.tu-dortmund.de\/wp-content\/uploads\/2021\/02\/IMG_20210212_152112-1152x1536.jpg 1152w, https:\/\/braumanufaktur.tu-dortmund.de\/wp-content\/uploads\/2021\/02\/IMG_20210212_152112-1536x2048.jpg 1536w, https:\/\/braumanufaktur.tu-dortmund.de\/wp-content\/uploads\/2021\/02\/IMG_20210212_152112-1240x1653.jpg 1240w, https:\/\/braumanufaktur.tu-dortmund.de\/wp-content\/uploads\/2021\/02\/IMG_20210212_152112-508x677.jpg 508w, https:\/\/braumanufaktur.tu-dortmund.de\/wp-content\/uploads\/2021\/02\/IMG_20210212_152112-scaled.jpg 1920w\" sizes=\"(max-width: 225px) 100vw, 225px\" \/><\/a>\n\t\t\t<\/dt><\/dl><br style=\"clear: both\" \/>\n\t\t<\/div>\n\t\t<\/div>\n\t\t\t\t\t\t<\/div>\n\t\t\t\t<\/div>\n\t\t\t\t\t<\/div>\n\t\t<\/div>\n\t\t\t\t\t<\/div>\n\t\t<\/section>\n\t\t\t\t<\/div>\n\t\t","protected":false},"excerpt":{"rendered":"","protected":false},"author":1,"featured_media":0,"parent":911,"menu_order":0,"comment_status":"closed","ping_status":"closed","template":"","meta":{"_acf_changed":false,"footnotes":""},"class_list":["post-1088","page","type-page","status-publish","hentry"],"acf":[],"_links":{"self":[{"href":"https:\/\/braumanufaktur.tu-dortmund.de\/index.php?rest_route=\/wp\/v2\/pages\/1088","targetHints":{"allow":["GET"]}}],"collection":[{"href":"https:\/\/braumanufaktur.tu-dortmund.de\/index.php?rest_route=\/wp\/v2\/pages"}],"about":[{"href":"https:\/\/braumanufaktur.tu-dortmund.de\/index.php?rest_route=\/wp\/v2\/types\/page"}],"author":[{"embeddable":true,"href":"https:\/\/braumanufaktur.tu-dortmund.de\/index.php?rest_route=\/wp\/v2\/users\/1"}],"replies":[{"embeddable":true,"href":"https:\/\/braumanufaktur.tu-dortmund.de\/index.php?rest_route=%2Fwp%2Fv2%2Fcomments&post=1088"}],"version-history":[{"count":12,"href":"https:\/\/braumanufaktur.tu-dortmund.de\/index.php?rest_route=\/wp\/v2\/pages\/1088\/revisions"}],"predecessor-version":[{"id":1365,"href":"https:\/\/braumanufaktur.tu-dortmund.de\/index.php?rest_route=\/wp\/v2\/pages\/1088\/revisions\/1365"}],"up":[{"embeddable":true,"href":"https:\/\/braumanufaktur.tu-dortmund.de\/index.php?rest_route=\/wp\/v2\/pages\/911"}],"wp:attachment":[{"href":"https:\/\/braumanufaktur.tu-dortmund.de\/index.php?rest_route=%2Fwp%2Fv2%2Fmedia&parent=1088"}],"curies":[{"name":"wp","href":"https:\/\/api.w.org\/{rel}","templated":true}]}}