{"id":1172,"date":"2018-10-30T14:42:22","date_gmt":"2018-10-30T14:42:22","guid":{"rendered":"http:\/\/braumanufaktur.tu-dortmund.de\/?page_id=1172"},"modified":"2022-01-14T16:13:54","modified_gmt":"2022-01-14T16:13:54","slug":"bier-3-2018","status":"publish","type":"page","link":"https:\/\/braumanufaktur.tu-dortmund.de\/?page_id=1172","title":{"rendered":"Pottweiser"},"content":{"rendered":"\t\t<div data-elementor-type=\"wp-post\" data-elementor-id=\"1172\" class=\"elementor elementor-1172\">\n\t\t\t\t\t\t<section class=\"elementor-section elementor-top-section elementor-element elementor-element-1e098717 elementor-section-stretched elementor-section-boxed elementor-section-height-default elementor-section-height-default\" data-id=\"1e098717\" data-element_type=\"section\" data-e-type=\"section\" data-settings=\"{&quot;stretch_section&quot;:&quot;section-stretched&quot;}\">\n\t\t\t\t\t\t<div class=\"elementor-container elementor-column-gap-default\">\n\t\t\t\t\t<div class=\"elementor-column elementor-col-100 elementor-top-column elementor-element elementor-element-2c94d600\" data-id=\"2c94d600\" data-element_type=\"column\" data-e-type=\"column\">\n\t\t\t<div class=\"elementor-widget-wrap elementor-element-populated\">\n\t\t\t\t\t\t<div class=\"elementor-element elementor-element-37bfaa64 elementor-widget elementor-widget-text-editor\" data-id=\"37bfaa64\" data-element_type=\"widget\" data-e-type=\"widget\" data-widget_type=\"text-editor.default\">\n\t\t\t\t<div class=\"elementor-widget-container\">\n\t\t\t\t\t\t\t\t\t<p data-wp-editing=\"1\"><img fetchpriority=\"high\" decoding=\"async\" fetchpriority=\"high\" class=\"wp-image-323 aligncenter\" src=\"https:\/\/braumanufaktur.tu-dortmund.de\/wp-content\/uploads\/2022\/01\/Pottweiser-Logo.png\" alt=\"\" width=\"356\" height=\"473\" \/><\/p>\n<p>Pottweiser Pils spiegelt den Charakter des Ruhrgebiets wider:<br \/>\nVollmundig, Harmonisch, Erfrischend, Ehrlich.<br \/>\nZwei Malz- und Hopfensorten sorgen f\u00fcr einen harmonisch bitteren, leicht s\u00fc\u00dflichen und vollmundigen Geschmack.<\/p>\n<p>Jedem Bier sein Brauwasser \u2013 F\u00fcr das Brauen wird Wasser aus der Ennepe verwendet.<\/p>\n<p>Lassen Sie sich auf eine kleine Reise durch das Ruhrgebiet begleiten.<\/p>\n<p style=\"text-align: center\">Biertyp: Pils<br \/>\nAlkoholgehalt: 5,0 vol.-%<br \/>\nBitterkeit: 26 IBU<br \/>\nFarbe: 4 EBC<\/p>\n<p><style type=\"text\/css\">\n\t\t\t#gallery-1 {<br \/>\t\t\t\tmargin: auto;<br \/>\t\t\t}<br \/>\t\t\t#gallery-1 .gallery-item {<br \/>\t\t\t\tfloat: left;<br \/>\t\t\t\tmargin-top: 10px;<br \/>\t\t\t\ttext-align: center;<br \/>\t\t\t\twidth: 100%;<br \/>\t\t\t}<br \/>\t\t\t#gallery-1 img {<br \/>\t\t\t\tborder: 2px solid #cfcfcf;<br \/>\t\t\t}<br \/>\t\t\t#gallery-1 .gallery-caption {<br \/>\t\t\t\tmargin-left: 0;<br \/>\t\t\t}<br \/>\t\t\t\/* see gallery_shortcode() in wp-includes\/media.php *\/<br \/>\t\t<\/style><\/p>\t\t\t\t\t\t\t\t<\/div>\n\t\t\t\t<\/div>\n\t\t\t\t\t<\/div>\n\t\t<\/div>\n\t\t\t\t\t<\/div>\n\t\t<\/section>\n\t\t\t\t<section class=\"elementor-section elementor-top-section elementor-element elementor-element-6342ce5 elementor-section-stretched elementor-section-boxed elementor-section-height-default elementor-section-height-default\" data-id=\"6342ce5\" data-element_type=\"section\" data-e-type=\"section\" data-settings=\"{&quot;stretch_section&quot;:&quot;section-stretched&quot;}\">\n\t\t\t\t\t\t<div class=\"elementor-container elementor-column-gap-default\">\n\t\t\t\t\t<div class=\"elementor-column elementor-col-100 elementor-top-column elementor-element elementor-element-bc7b604\" data-id=\"bc7b604\" data-element_type=\"column\" data-e-type=\"column\">\n\t\t\t<div class=\"elementor-widget-wrap elementor-element-populated\">\n\t\t\t\t\t\t<section class=\"elementor-section elementor-inner-section elementor-element elementor-element-88c4d70 elementor-section-boxed elementor-section-height-default elementor-section-height-default\" data-id=\"88c4d70\" data-element_type=\"section\" data-e-type=\"section\">\n\t\t\t\t\t\t<div class=\"elementor-container elementor-column-gap-default\">\n\t\t\t\t\t<div class=\"elementor-column elementor-col-50 elementor-inner-column elementor-element elementor-element-adcdadf\" data-id=\"adcdadf\" data-element_type=\"column\" data-e-type=\"column\">\n\t\t\t<div class=\"elementor-widget-wrap elementor-element-populated\">\n\t\t\t\t\t\t<div class=\"elementor-element elementor-element-f2a375d elementor-widget elementor-widget-image\" data-id=\"f2a375d\" data-element_type=\"widget\" data-e-type=\"widget\" data-widget_type=\"image.default\">\n\t\t\t\t<div class=\"elementor-widget-container\">\n\t\t\t\t\t\t\t\t\t\t\t\t<figure class=\"wp-caption\">\n\t\t\t\t\t\t\t\t\t\t<img decoding=\"async\" width=\"600\" height=\"401\" src=\"https:\/\/braumanufaktur.tu-dortmund.de\/wp-content\/uploads\/2022\/01\/Pottweiser_Gruppenfoto-1024x684.jpg\" class=\"attachment-large size-large wp-image-1369\" alt=\"\" srcset=\"https:\/\/braumanufaktur.tu-dortmund.de\/wp-content\/uploads\/2022\/01\/Pottweiser_Gruppenfoto-1024x684.jpg 1024w, https:\/\/braumanufaktur.tu-dortmund.de\/wp-content\/uploads\/2022\/01\/Pottweiser_Gruppenfoto-300x200.jpg 300w, https:\/\/braumanufaktur.tu-dortmund.de\/wp-content\/uploads\/2022\/01\/Pottweiser_Gruppenfoto-768x513.jpg 768w, https:\/\/braumanufaktur.tu-dortmund.de\/wp-content\/uploads\/2022\/01\/Pottweiser_Gruppenfoto-1536x1027.jpg 1536w, https:\/\/braumanufaktur.tu-dortmund.de\/wp-content\/uploads\/2022\/01\/Pottweiser_Gruppenfoto-1240x829.jpg 1240w, https:\/\/braumanufaktur.tu-dortmund.de\/wp-content\/uploads\/2022\/01\/Pottweiser_Gruppenfoto-508x340.jpg 508w, https:\/\/braumanufaktur.tu-dortmund.de\/wp-content\/uploads\/2022\/01\/Pottweiser_Gruppenfoto.jpg 1616w\" sizes=\"(max-width: 600px) 100vw, 600px\" \/>\t\t\t\t\t\t\t\t\t\t\t<figcaption class=\"widget-image-caption wp-caption-text\">Gruppe \"Pottweiser\"<\/figcaption>\n\t\t\t\t\t\t\t\t\t\t<\/figure>\n\t\t\t\t\t\t\t\t\t<\/div>\n\t\t\t\t<\/div>\n\t\t\t\t\t<\/div>\n\t\t<\/div>\n\t\t\t\t<div class=\"elementor-column elementor-col-50 elementor-inner-column elementor-element elementor-element-a6a5ebc\" data-id=\"a6a5ebc\" data-element_type=\"column\" data-e-type=\"column\">\n\t\t\t<div class=\"elementor-widget-wrap elementor-element-populated\">\n\t\t\t\t\t\t<div class=\"elementor-element elementor-element-071fe78 elementor-widget elementor-widget-image\" data-id=\"071fe78\" data-element_type=\"widget\" data-e-type=\"widget\" data-widget_type=\"image.default\">\n\t\t\t\t<div class=\"elementor-widget-container\">\n\t\t\t\t\t\t\t\t\t\t\t\t<figure class=\"wp-caption\">\n\t\t\t\t\t\t\t\t\t\t<img decoding=\"async\" width=\"79\" height=\"300\" src=\"https:\/\/braumanufaktur.tu-dortmund.de\/wp-content\/uploads\/2022\/01\/Pottweiser_Flasche-79x300.png\" class=\"attachment-medium size-medium wp-image-1368\" alt=\"\" \/>\t\t\t\t\t\t\t\t\t\t\t<figcaption class=\"widget-image-caption wp-caption-text\">Flasche \"Pottweiser\"<\/figcaption>\n\t\t\t\t\t\t\t\t\t\t<\/figure>\n\t\t\t\t\t\t\t\t\t<\/div>\n\t\t\t\t<\/div>\n\t\t\t\t\t<\/div>\n\t\t<\/div>\n\t\t\t\t\t<\/div>\n\t\t<\/section>\n\t\t\t\t\t<\/div>\n\t\t<\/div>\n\t\t\t\t\t<\/div>\n\t\t<\/section>\n\t\t\t\t<\/div>\n\t\t","protected":false},"excerpt":{"rendered":"<p>Gruppe &#8222;Pottweiser&#8220; Flasche &#8222;Pottweiser&#8220;<\/p>\n","protected":false},"author":1,"featured_media":0,"parent":1163,"menu_order":0,"comment_status":"closed","ping_status":"closed","template":"","meta":{"_acf_changed":false,"footnotes":""},"class_list":["post-1172","page","type-page","status-publish","hentry"],"acf":[],"_links":{"self":[{"href":"https:\/\/braumanufaktur.tu-dortmund.de\/index.php?rest_route=\/wp\/v2\/pages\/1172","targetHints":{"allow":["GET"]}}],"collection":[{"href":"https:\/\/braumanufaktur.tu-dortmund.de\/index.php?rest_route=\/wp\/v2\/pages"}],"about":[{"href":"https:\/\/braumanufaktur.tu-dortmund.de\/index.php?rest_route=\/wp\/v2\/types\/page"}],"author":[{"embeddable":true,"href":"https:\/\/braumanufaktur.tu-dortmund.de\/index.php?rest_route=\/wp\/v2\/users\/1"}],"replies":[{"embeddable":true,"href":"https:\/\/braumanufaktur.tu-dortmund.de\/index.php?rest_route=%2Fwp%2Fv2%2Fcomments&post=1172"}],"version-history":[{"count":13,"href":"https:\/\/braumanufaktur.tu-dortmund.de\/index.php?rest_route=\/wp\/v2\/pages\/1172\/revisions"}],"predecessor-version":[{"id":1395,"href":"https:\/\/braumanufaktur.tu-dortmund.de\/index.php?rest_route=\/wp\/v2\/pages\/1172\/revisions\/1395"}],"up":[{"embeddable":true,"href":"https:\/\/braumanufaktur.tu-dortmund.de\/index.php?rest_route=\/wp\/v2\/pages\/1163"}],"wp:attachment":[{"href":"https:\/\/braumanufaktur.tu-dortmund.de\/index.php?rest_route=%2Fwp%2Fv2%2Fmedia&parent=1172"}],"curies":[{"name":"wp","href":"https:\/\/api.w.org\/{rel}","templated":true}]}}