{"id":1176,"date":"2018-10-04T17:41:19","date_gmt":"2018-10-04T17:41:19","guid":{"rendered":"http:\/\/braumanufaktur.tu-dortmund.de\/?page_id=1176"},"modified":"2022-01-26T11:23:15","modified_gmt":"2022-01-26T11:23:15","slug":"weizenbier","status":"publish","type":"page","link":"https:\/\/braumanufaktur.tu-dortmund.de\/?page_id=1176","title":{"rendered":"FeenTrunk"},"content":{"rendered":"\t\t<div data-elementor-type=\"wp-post\" data-elementor-id=\"1176\" class=\"elementor elementor-1176\">\n\t\t\t\t\t\t<section class=\"elementor-section elementor-top-section elementor-element elementor-element-491bf8d7 elementor-section-stretched elementor-section-boxed elementor-section-height-default elementor-section-height-default\" data-id=\"491bf8d7\" data-element_type=\"section\" data-e-type=\"section\" data-settings=\"{&quot;stretch_section&quot;:&quot;section-stretched&quot;}\">\n\t\t\t\t\t\t<div class=\"elementor-container elementor-column-gap-default\">\n\t\t\t\t\t<div class=\"elementor-column elementor-col-100 elementor-top-column elementor-element elementor-element-4bebb1b3\" data-id=\"4bebb1b3\" data-element_type=\"column\" data-e-type=\"column\">\n\t\t\t<div class=\"elementor-widget-wrap elementor-element-populated\">\n\t\t\t\t\t\t<div class=\"elementor-element elementor-element-1898f3e0 elementor-widget elementor-widget-text-editor\" data-id=\"1898f3e0\" data-element_type=\"widget\" data-e-type=\"widget\" data-widget_type=\"text-editor.default\">\n\t\t\t\t<div class=\"elementor-widget-container\">\n\t\t\t\t\t\t\t\t\t<p data-wp-editing=\"1\"><img fetchpriority=\"high\" decoding=\"async\" fetchpriority=\"high\" class=\"wp-image-323 aligncenter\" src=\"https:\/\/braumanufaktur.tu-dortmund.de\/wp-content\/uploads\/2022\/01\/Feentrunk-Logo.png\" alt=\"\" width=\"356\" height=\"473\" \/><\/p>\n<p>Mit einer m\u00e4rchenhaften Idee entstand das Feentrunk. Es ist ein fruchtiges, s\u00fc\u00dfliches, erfrischendes Amber Ale. Der Genuss des Bieres bringt jeden einen magischen Moment und l\u00e4sst den Zauber erwecken! Finde die Fee in Dir!<\/p>\n<p>Passend dazu gibt es auf der R\u00fcckseite der Flasche ein Gedicht:<\/p>\n<p>Es war einmal eine zauberhafte Fee<br \/>\ndie hatte st\u00e4ndig einen im Tee.<br \/>\nDenn sie braute jeden Tag f\u00fcr Wald &amp; Tier,<br \/>\ndieses wohltuend, k\u00f6stlich schmeckende Bier.<br \/>\nEin fruchtig, s\u00fc\u00dflich, erfrischendes Amber Ale,<br \/>\nf\u00fcr ein Jeden sein eigenes Fairytale.<br \/>\nSo probiert und lasst es Euch schmecken<br \/>\nund in einem Jeden den Zauber erwecken!<\/p>\n<p style=\"text-align: center\">Biertyp: Amber Ale<br \/>\nAlkoholgehalt: 5,0 vol.-%<br \/>\nBitterkeit: 26 IBU<br \/>\nFarbe: 30 EBC<\/p>\n\n<p><style type=\"text\/css\">\n\t\t\t#gallery-1 {<br \/>\n\t\t\t\tmargin: auto;<br \/>\n\t\t\t}<br \/>\n\t\t\t#gallery-1 .gallery-item {<br \/>\n\t\t\t\tfloat: left;<br \/>\n\t\t\t\tmargin-top: 10px;<br \/>\n\t\t\t\ttext-align: center;<br \/>\n\t\t\t\twidth: 33%;<br \/>\n\t\t\t}<br \/>\n\t\t\t#gallery-1 img {<br \/>\n\t\t\t\tborder: 2px solid #cfcfcf;<br \/>\n\t\t\t}<br \/>\n\t\t\t#gallery-1 .gallery-caption {<br \/>\n\t\t\t\tmargin-left: 0;<br \/>\n\t\t\t}<br \/>\n\t\t\t\/* see gallery_shortcode() in wp-includes\/media.php *\/<br \/>\n\t\t<\/style>\n<\/p>\n<dl class=\"gallery-item\">\n<dt class=\"gallery-icon portrait\"><\/dt>\n<\/dl>\n<dl class=\"gallery-item\">\n<dt class=\"gallery-icon landscape\"><\/dt>\n<\/dl>\n<dl class=\"gallery-item\">\n<dt class=\"gallery-icon portrait\"><\/dt>\n<\/dl>\n\n\n<p><\/p>\n\t\t\t\t\t\t\t\t<\/div>\n\t\t\t\t<\/div>\n\t\t\t\t\t<\/div>\n\t\t<\/div>\n\t\t\t\t\t<\/div>\n\t\t<\/section>\n\t\t\t\t<section class=\"elementor-section elementor-top-section elementor-element elementor-element-0bd2097 elementor-section-stretched elementor-section-boxed elementor-section-height-default elementor-section-height-default\" data-id=\"0bd2097\" data-element_type=\"section\" data-e-type=\"section\" data-settings=\"{&quot;stretch_section&quot;:&quot;section-stretched&quot;}\">\n\t\t\t\t\t\t<div class=\"elementor-container elementor-column-gap-default\">\n\t\t\t\t\t<div class=\"elementor-column elementor-col-100 elementor-top-column elementor-element elementor-element-f82a0dd\" data-id=\"f82a0dd\" data-element_type=\"column\" data-e-type=\"column\">\n\t\t\t<div class=\"elementor-widget-wrap elementor-element-populated\">\n\t\t\t\t\t\t<section class=\"elementor-section elementor-inner-section elementor-element elementor-element-af381c3 elementor-section-boxed elementor-section-height-default elementor-section-height-default\" data-id=\"af381c3\" data-element_type=\"section\" data-e-type=\"section\">\n\t\t\t\t\t\t<div class=\"elementor-container elementor-column-gap-default\">\n\t\t\t\t\t<div class=\"elementor-column elementor-col-50 elementor-inner-column elementor-element elementor-element-2c65d2a\" data-id=\"2c65d2a\" data-element_type=\"column\" data-e-type=\"column\">\n\t\t\t<div class=\"elementor-widget-wrap elementor-element-populated\">\n\t\t\t\t\t\t<div class=\"elementor-element elementor-element-33f38f6 elementor-widget elementor-widget-image\" data-id=\"33f38f6\" data-element_type=\"widget\" data-e-type=\"widget\" data-widget_type=\"image.default\">\n\t\t\t\t<div class=\"elementor-widget-container\">\n\t\t\t\t\t\t\t\t\t\t\t\t<figure class=\"wp-caption\">\n\t\t\t\t\t\t\t\t\t\t<img decoding=\"async\" width=\"600\" height=\"401\" src=\"https:\/\/braumanufaktur.tu-dortmund.de\/wp-content\/uploads\/2022\/01\/Gruppenbild-Feentrunk-1024x684.jpeg\" class=\"attachment-large size-large wp-image-1367\" alt=\"\" srcset=\"https:\/\/braumanufaktur.tu-dortmund.de\/wp-content\/uploads\/2022\/01\/Gruppenbild-Feentrunk-1024x684.jpeg 1024w, https:\/\/braumanufaktur.tu-dortmund.de\/wp-content\/uploads\/2022\/01\/Gruppenbild-Feentrunk-300x200.jpeg 300w, https:\/\/braumanufaktur.tu-dortmund.de\/wp-content\/uploads\/2022\/01\/Gruppenbild-Feentrunk-768x513.jpeg 768w, https:\/\/braumanufaktur.tu-dortmund.de\/wp-content\/uploads\/2022\/01\/Gruppenbild-Feentrunk-1536x1027.jpeg 1536w, https:\/\/braumanufaktur.tu-dortmund.de\/wp-content\/uploads\/2022\/01\/Gruppenbild-Feentrunk-1240x829.jpeg 1240w, https:\/\/braumanufaktur.tu-dortmund.de\/wp-content\/uploads\/2022\/01\/Gruppenbild-Feentrunk-508x340.jpeg 508w, https:\/\/braumanufaktur.tu-dortmund.de\/wp-content\/uploads\/2022\/01\/Gruppenbild-Feentrunk.jpeg 1616w\" sizes=\"(max-width: 600px) 100vw, 600px\" \/>\t\t\t\t\t\t\t\t\t\t\t<figcaption class=\"widget-image-caption wp-caption-text\">Gruppe \"Feentrunk\"<\/figcaption>\n\t\t\t\t\t\t\t\t\t\t<\/figure>\n\t\t\t\t\t\t\t\t\t<\/div>\n\t\t\t\t<\/div>\n\t\t\t\t\t<\/div>\n\t\t<\/div>\n\t\t\t\t<div class=\"elementor-column elementor-col-50 elementor-inner-column elementor-element elementor-element-9a78aed\" data-id=\"9a78aed\" data-element_type=\"column\" data-e-type=\"column\">\n\t\t\t<div class=\"elementor-widget-wrap elementor-element-populated\">\n\t\t\t\t\t\t<div class=\"elementor-element elementor-element-9642bea elementor-widget elementor-widget-image\" data-id=\"9642bea\" data-element_type=\"widget\" data-e-type=\"widget\" data-widget_type=\"image.default\">\n\t\t\t\t<div class=\"elementor-widget-container\">\n\t\t\t\t\t\t\t\t\t\t\t\t<figure class=\"wp-caption\">\n\t\t\t\t\t\t\t\t\t\t<img decoding=\"async\" width=\"200\" height=\"300\" src=\"https:\/\/braumanufaktur.tu-dortmund.de\/wp-content\/uploads\/2022\/01\/Flasche-Feentrunk-200x300.png\" class=\"attachment-medium size-medium wp-image-1366\" alt=\"\" srcset=\"https:\/\/braumanufaktur.tu-dortmund.de\/wp-content\/uploads\/2022\/01\/Flasche-Feentrunk-200x300.png 200w, https:\/\/braumanufaktur.tu-dortmund.de\/wp-content\/uploads\/2022\/01\/Flasche-Feentrunk-684x1024.png 684w, https:\/\/braumanufaktur.tu-dortmund.de\/wp-content\/uploads\/2022\/01\/Flasche-Feentrunk-768x1149.png 768w, https:\/\/braumanufaktur.tu-dortmund.de\/wp-content\/uploads\/2022\/01\/Flasche-Feentrunk-1027x1536.png 1027w, https:\/\/braumanufaktur.tu-dortmund.de\/wp-content\/uploads\/2022\/01\/Flasche-Feentrunk-508x760.png 508w, https:\/\/braumanufaktur.tu-dortmund.de\/wp-content\/uploads\/2022\/01\/Flasche-Feentrunk.png 1080w\" sizes=\"(max-width: 200px) 100vw, 200px\" \/>\t\t\t\t\t\t\t\t\t\t\t<figcaption class=\"widget-image-caption wp-caption-text\">Flasche \"Feentrunk\"<\/figcaption>\n\t\t\t\t\t\t\t\t\t\t<\/figure>\n\t\t\t\t\t\t\t\t\t<\/div>\n\t\t\t\t<\/div>\n\t\t\t\t\t<\/div>\n\t\t<\/div>\n\t\t\t\t\t<\/div>\n\t\t<\/section>\n\t\t\t\t\t<\/div>\n\t\t<\/div>\n\t\t\t\t\t<\/div>\n\t\t<\/section>\n\t\t\t\t<\/div>\n\t\t","protected":false},"excerpt":{"rendered":"<p>Gruppe &#8222;Feentrunk&#8220; Flasche &#8222;Feentrunk&#8220;<\/p>\n","protected":false},"author":1,"featured_media":0,"parent":1163,"menu_order":0,"comment_status":"closed","ping_status":"closed","template":"","meta":{"_acf_changed":false,"footnotes":""},"class_list":["post-1176","page","type-page","status-publish","hentry"],"acf":[],"_links":{"self":[{"href":"https:\/\/braumanufaktur.tu-dortmund.de\/index.php?rest_route=\/wp\/v2\/pages\/1176","targetHints":{"allow":["GET"]}}],"collection":[{"href":"https:\/\/braumanufaktur.tu-dortmund.de\/index.php?rest_route=\/wp\/v2\/pages"}],"about":[{"href":"https:\/\/braumanufaktur.tu-dortmund.de\/index.php?rest_route=\/wp\/v2\/types\/page"}],"author":[{"embeddable":true,"href":"https:\/\/braumanufaktur.tu-dortmund.de\/index.php?rest_route=\/wp\/v2\/users\/1"}],"replies":[{"embeddable":true,"href":"https:\/\/braumanufaktur.tu-dortmund.de\/index.php?rest_route=%2Fwp%2Fv2%2Fcomments&post=1176"}],"version-history":[{"count":15,"href":"https:\/\/braumanufaktur.tu-dortmund.de\/index.php?rest_route=\/wp\/v2\/pages\/1176\/revisions"}],"predecessor-version":[{"id":1416,"href":"https:\/\/braumanufaktur.tu-dortmund.de\/index.php?rest_route=\/wp\/v2\/pages\/1176\/revisions\/1416"}],"up":[{"embeddable":true,"href":"https:\/\/braumanufaktur.tu-dortmund.de\/index.php?rest_route=\/wp\/v2\/pages\/1163"}],"wp:attachment":[{"href":"https:\/\/braumanufaktur.tu-dortmund.de\/index.php?rest_route=%2Fwp%2Fv2%2Fmedia&parent=1176"}],"curies":[{"name":"wp","href":"https:\/\/api.w.org\/{rel}","templated":true}]}}