{"id":1485,"date":"2018-08-21T21:08:49","date_gmt":"2018-08-21T21:08:49","guid":{"rendered":"http:\/\/braumanufaktur.tu-dortmund.de\/?page_id=1485"},"modified":"2022-02-11T18:38:30","modified_gmt":"2022-02-11T18:38:30","slug":"kontakt-3","status":"publish","type":"page","link":"https:\/\/braumanufaktur.tu-dortmund.de\/?page_id=1485","title":{"rendered":"How To Join"},"content":{"rendered":"<h3>Schritt 0. Erkundigen<\/h3>\n<p style=\"text-align: justify;\">Erkundige dich, ob du an der Brau-AG teilnehmen darfst. Alle Bachelor- und Master-Studierende des Bio- und Chemieingenieurwesen der TU Dortmund sind berechtigt, sich zu bewerben.<br \/>Danach solltest du dich informieren, ob du denkst, dass du zur Brau-AG passt.<\/p>\n<p style=\"text-align: justify;\">Du interessierst dich f\u00fcr angewandte Bioverfahrens- oder Lebensmitteltechnik? Du arbeitest sorgf\u00e4ltig und stehst gerne im Labor? Du magst Bier? Dann bist du hier genau Richtig.<\/p>\n<h3>Schritt 1. Bewerben<\/h3>\n<p style=\"text-align: justify;\">Die Betreuer der Brau-AG werden rechtzeitig einen Bewerbungszeitraum bekannt geben. Nachdem du dich f\u00fcr eine Teilnahme an der Brau-AG entschieden hast, bewirbst du dich mit einem Motivationsschreiben. Das Schreiben sollte nicht \u00fcber eine Seite hinaus gehen.<\/p>\n<p style=\"text-align: justify;\">Ein paar Bewerbungstipps:<\/p>\n<p style=\"text-align: justify;\">Du solltest auf Fragen eingehen wie: Warum hast du Lust auf das auf die Brau-AG bzw. das Projekt? Mit welchen besonderen Kenntnissen kannst du das Team unterst\u00fctzen? Hast du bereits Brauerfahrungen gesammelt? In welchem Studiengang und Semester bist du?<\/p>\n<h3>Schritt 2. Brauen lernen<\/h3>\n<p style=\"text-align: justify;\">Du bist f\u00fcr die Brau-AG angenommen worden, herzlichen Gl\u00fcckwunsch! Nun wird es eine Vorlesungsreihe rund ums Bier geben u.a. Grundlagen von verschiedenen Bier-Typen, der Brauprozess und sonstigen hilfreichen Themen geben. Nachdem nun ein Grundwissen besteht, geht es ans brauen.<\/p>\n<p style=\"text-align: justify;\">Innerhalb der Gruppe wird sich abgesprochen, wer gerne welchen Bier-Typ brauen m\u00f6chte. So werden nun drei Untergruppen gebildet, welche sich auf jeweils einen Bier-Typ einigen und diesen dann brauen werden.<\/p>\n<h3>Schritt 3. Das eigene Bier Entwickeln<\/h3>\n<p>Die Gruppen sind gebildet. Jetzt geht es daran ein passendes Rezept zu entwickeln. Hierbei sollten sich bereits Gedanken bez\u00fcglich Farbe und Geschmack \u00fcberlegt werden. Sowie eine passende Marketingstrategie sowie eine Kostenrechnung durchf\u00fchren. Dazu d\u00fcrft ihr noch ein Label f\u00fcr die Bierflasche kreieren.<\/p>\n<h3>Schritt 4. Brauen und Verk\u00f6stigung<\/h3>\n<p style=\"text-align: justify;\">Eure Rezept ist entwickelt, die Zutaten sind geliefert und die Brauanlage wartet auf euch. Als Gruppe d\u00fcrft ihr nun euer eigenes Bier im 10 l Ma\u00dfstab brauen! <br \/>Sobald alle Biere bereit sind, wird in der Gruppe verk\u00f6stigt. Das beste Bier aus der Gruppe darf im 100l Ma\u00dfstab gebraut werden. Nat\u00fcrlich wird gemeinsam als Brau-AG gebraut.<\/p>\n<h3>Schritt 5. Bier und Engineering<\/h3>\n<p style=\"text-align: justify;\">Die Brau-AG wird st\u00e4ndig weiterentwickelt. \u00dcberlege dir wie du die AG in Rahmen einer Engineeringaufgabe unterst\u00fctzen kannst! Sei es eine Zapfanlage, ein K\u00fchlsystem oder Messmethoden. Deine Kreativit\u00e4t wird nachfolgende Brau-AG Teilnehmer beim Brauen weiter unterst\u00fctzen.<\/p>\n\n\n<p><\/p>\n","protected":false},"excerpt":{"rendered":"<p>Schritt 0. Erkundigen Erkundige dich, ob du an der Brau-AG teilnehmen darfst. Alle Bachelor- und Master-Studierende des Bio- und Chemieingenieurwesen der TU Dortmund sind berechtigt, sich zu bewerben.Danach solltest du dich informieren, ob du denkst, dass du zur Brau-AG passt. Du interessierst dich f\u00fcr angewandte Bioverfahrens- oder Lebensmitteltechnik? Du arbeitest sorgf\u00e4ltig und stehst gerne im [&hellip;]<\/p>\n","protected":false},"author":1,"featured_media":0,"parent":0,"menu_order":0,"comment_status":"closed","ping_status":"closed","template":"","meta":{"_acf_changed":false,"footnotes":""},"class_list":["post-1485","page","type-page","status-publish","hentry"],"acf":[],"_links":{"self":[{"href":"https:\/\/braumanufaktur.tu-dortmund.de\/index.php?rest_route=\/wp\/v2\/pages\/1485","targetHints":{"allow":["GET"]}}],"collection":[{"href":"https:\/\/braumanufaktur.tu-dortmund.de\/index.php?rest_route=\/wp\/v2\/pages"}],"about":[{"href":"https:\/\/braumanufaktur.tu-dortmund.de\/index.php?rest_route=\/wp\/v2\/types\/page"}],"author":[{"embeddable":true,"href":"https:\/\/braumanufaktur.tu-dortmund.de\/index.php?rest_route=\/wp\/v2\/users\/1"}],"replies":[{"embeddable":true,"href":"https:\/\/braumanufaktur.tu-dortmund.de\/index.php?rest_route=%2Fwp%2Fv2%2Fcomments&post=1485"}],"version-history":[{"count":33,"href":"https:\/\/braumanufaktur.tu-dortmund.de\/index.php?rest_route=\/wp\/v2\/pages\/1485\/revisions"}],"predecessor-version":[{"id":1565,"href":"https:\/\/braumanufaktur.tu-dortmund.de\/index.php?rest_route=\/wp\/v2\/pages\/1485\/revisions\/1565"}],"wp:attachment":[{"href":"https:\/\/braumanufaktur.tu-dortmund.de\/index.php?rest_route=%2Fwp%2Fv2%2Fmedia&parent=1485"}],"curies":[{"name":"wp","href":"https:\/\/api.w.org\/{rel}","templated":true}]}}