{"id":1578,"date":"2018-08-21T21:08:49","date_gmt":"2018-08-21T21:08:49","guid":{"rendered":"http:\/\/braumanufaktur.tu-dortmund.de\/?page_id=1578"},"modified":"2022-02-15T10:10:36","modified_gmt":"2022-02-15T10:10:36","slug":"gruppen-2018-2-2","status":"publish","type":"page","link":"https:\/\/braumanufaktur.tu-dortmund.de\/?page_id=1578","title":{"rendered":"Gruppen 2021"},"content":{"rendered":"\t\t<div data-elementor-type=\"wp-post\" data-elementor-id=\"1578\" class=\"elementor elementor-1578\">\n\t\t\t\t\t\t<section class=\"elementor-section elementor-top-section elementor-element elementor-element-04f3273 elementor-section-stretched elementor-section-boxed elementor-section-height-default elementor-section-height-default\" data-id=\"04f3273\" data-element_type=\"section\" data-e-type=\"section\" data-settings=\"{&quot;stretch_section&quot;:&quot;section-stretched&quot;}\">\n\t\t\t\t\t\t<div class=\"elementor-container elementor-column-gap-default\">\n\t\t\t\t\t<div class=\"elementor-column elementor-col-100 elementor-top-column elementor-element elementor-element-42fdf59\" data-id=\"42fdf59\" data-element_type=\"column\" data-e-type=\"column\">\n\t\t\t<div class=\"elementor-widget-wrap elementor-element-populated\">\n\t\t\t\t\t\t<section class=\"elementor-section elementor-inner-section elementor-element elementor-element-9f11b50 elementor-section-boxed elementor-section-height-default elementor-section-height-default\" data-id=\"9f11b50\" data-element_type=\"section\" data-e-type=\"section\">\n\t\t\t\t\t\t<div class=\"elementor-container elementor-column-gap-extended\">\n\t\t\t\t\t<div class=\"elementor-column elementor-col-33 elementor-inner-column elementor-element elementor-element-4cf0c0a\" data-id=\"4cf0c0a\" data-element_type=\"column\" data-e-type=\"column\">\n\t\t\t<div class=\"elementor-widget-wrap elementor-element-populated\">\n\t\t\t\t\t\t<div class=\"elementor-element elementor-element-c73bd1a elementor-widget elementor-widget-heading\" data-id=\"c73bd1a\" data-element_type=\"widget\" data-e-type=\"widget\" data-widget_type=\"heading.default\">\n\t\t\t\t<div class=\"elementor-widget-container\">\n\t\t\t\t\t<h2 class=\"elementor-heading-title elementor-size-default\">Bonfire<\/h2>\t\t\t\t<\/div>\n\t\t\t\t<\/div>\n\t\t\t\t<div class=\"elementor-element elementor-element-57c3313 elementor-widget elementor-widget-image\" data-id=\"57c3313\" data-element_type=\"widget\" data-e-type=\"widget\" data-widget_type=\"image.default\">\n\t\t\t\t<div class=\"elementor-widget-container\">\n\t\t\t\t\t\t\t\t\t\t\t\t<figure class=\"wp-caption\">\n\t\t\t\t\t\t\t\t\t\t\t<a href=\"https:\/\/braumanufaktur.tu-dortmund.de\/?page_id=1173\">\n\t\t\t\t\t\t\t<img fetchpriority=\"high\" decoding=\"async\" width=\"600\" height=\"600\" src=\"https:\/\/braumanufaktur.tu-dortmund.de\/wp-content\/uploads\/2022\/01\/Bonfire-Logo-1024x1024.png\" class=\"elementor-animation-grow attachment-large size-large wp-image-1201\" alt=\"\" srcset=\"https:\/\/braumanufaktur.tu-dortmund.de\/wp-content\/uploads\/2022\/01\/Bonfire-Logo-1024x1024.png 1024w, https:\/\/braumanufaktur.tu-dortmund.de\/wp-content\/uploads\/2022\/01\/Bonfire-Logo-300x300.png 300w, https:\/\/braumanufaktur.tu-dortmund.de\/wp-content\/uploads\/2022\/01\/Bonfire-Logo-150x150.png 150w, https:\/\/braumanufaktur.tu-dortmund.de\/wp-content\/uploads\/2022\/01\/Bonfire-Logo-768x768.png 768w, https:\/\/braumanufaktur.tu-dortmund.de\/wp-content\/uploads\/2022\/01\/Bonfire-Logo-508x508.png 508w, https:\/\/braumanufaktur.tu-dortmund.de\/wp-content\/uploads\/2022\/01\/Bonfire-Logo.png 1177w\" sizes=\"(max-width: 600px) 100vw, 600px\" \/>\t\t\t\t\t\t\t\t<\/a>\n\t\t\t\t\t\t\t\t\t\t\t<figcaption class=\"widget-image-caption wp-caption-text\">Klick f\u00fcr mehr Informationen<\/figcaption>\n\t\t\t\t\t\t\t\t\t\t<\/figure>\n\t\t\t\t\t\t\t\t\t<\/div>\n\t\t\t\t<\/div>\n\t\t\t\t<div class=\"elementor-element elementor-element-55abb27 elementor-widget elementor-widget-text-editor\" data-id=\"55abb27\" data-element_type=\"widget\" data-e-type=\"widget\" data-widget_type=\"text-editor.default\">\n\t\t\t\t<div class=\"elementor-widget-container\">\n\t\t\t\t\t\t\t\t\t<p style=\"text-align: justify;\">Ein leichter Sommerabend, es weht eine laue Brise und eine aufregende Nacht liegt vor  Dir. So ist dein Leben und so ist auch unser Bonfire Zwickl. Unser Statement an die entspannte Dortmunder Mentalit\u00e4t!\nProst!<\/p>\t\t\t\t\t\t\t\t<\/div>\n\t\t\t\t<\/div>\n\t\t\t\t\t<\/div>\n\t\t<\/div>\n\t\t\t\t<div class=\"elementor-column elementor-col-33 elementor-inner-column elementor-element elementor-element-b0379c5\" data-id=\"b0379c5\" data-element_type=\"column\" data-e-type=\"column\">\n\t\t\t<div class=\"elementor-widget-wrap elementor-element-populated\">\n\t\t\t\t\t\t<div class=\"elementor-element elementor-element-15d992b elementor-widget elementor-widget-heading\" data-id=\"15d992b\" data-element_type=\"widget\" data-e-type=\"widget\" data-widget_type=\"heading.default\">\n\t\t\t\t<div class=\"elementor-widget-container\">\n\t\t\t\t\t<h2 class=\"elementor-heading-title elementor-size-default\">Feentrunk<\/h2>\t\t\t\t<\/div>\n\t\t\t\t<\/div>\n\t\t\t\t<div class=\"elementor-element elementor-element-92b1a97 elementor-widget elementor-widget-image\" data-id=\"92b1a97\" data-element_type=\"widget\" data-e-type=\"widget\" data-widget_type=\"image.default\">\n\t\t\t\t<div class=\"elementor-widget-container\">\n\t\t\t\t\t\t\t\t\t\t\t\t<figure class=\"wp-caption\">\n\t\t\t\t\t\t\t\t\t\t\t<a href=\"https:\/\/braumanufaktur.tu-dortmund.de\/?page_id=1176\">\n\t\t\t\t\t\t\t<img decoding=\"async\" src=\"https:\/\/braumanufaktur.tu-dortmund.de\/wp-content\/uploads\/elementor\/thumbs\/Feentrunk-Logo-pizwx7lmfppbrc1wo8amdb0i6tq43dunh4cdh91bza.png\" title=\"Feentrunk Logo\" alt=\"Feentrunk Logo\" class=\"elementor-animation-grow\" loading=\"lazy\" \/>\t\t\t\t\t\t\t\t<\/a>\n\t\t\t\t\t\t\t\t\t\t\t<figcaption class=\"widget-image-caption wp-caption-text\">Klick f\u00fcr mehr Informationen<\/figcaption>\n\t\t\t\t\t\t\t\t\t\t<\/figure>\n\t\t\t\t\t\t\t\t\t<\/div>\n\t\t\t\t<\/div>\n\t\t\t\t<div class=\"elementor-element elementor-element-24be592 elementor-widget elementor-widget-text-editor\" data-id=\"24be592\" data-element_type=\"widget\" data-e-type=\"widget\" data-widget_type=\"text-editor.default\">\n\t\t\t\t<div class=\"elementor-widget-container\">\n\t\t\t\t\t\t\t\t\t<p style=\"text-align: justify;\">Mit einer m\u00e4rchenhaften Idee entstand das Feentrunk. Es ist ein fruchtiges, s\u00fc\u00dfliches, erfrischendes Amber Ale. Der Genuss des Bieres bringt jeden einen magischen Moment und l\u00e4sst den Zauber erwecken! Finde die Fee in Dir!<\/p>\t\t\t\t\t\t\t\t<\/div>\n\t\t\t\t<\/div>\n\t\t\t\t\t<\/div>\n\t\t<\/div>\n\t\t\t\t<div class=\"elementor-column elementor-col-33 elementor-inner-column elementor-element elementor-element-2b866fe\" data-id=\"2b866fe\" data-element_type=\"column\" data-e-type=\"column\">\n\t\t\t<div class=\"elementor-widget-wrap elementor-element-populated\">\n\t\t\t\t\t\t<div class=\"elementor-element elementor-element-8c1c540 elementor-widget elementor-widget-heading\" data-id=\"8c1c540\" data-element_type=\"widget\" data-e-type=\"widget\" data-widget_type=\"heading.default\">\n\t\t\t\t<div class=\"elementor-widget-container\">\n\t\t\t\t\t<h2 class=\"elementor-heading-title elementor-size-default\">Pottweiser<\/h2>\t\t\t\t<\/div>\n\t\t\t\t<\/div>\n\t\t\t\t<div class=\"elementor-element elementor-element-2ba43e9 elementor-widget elementor-widget-image\" data-id=\"2ba43e9\" data-element_type=\"widget\" data-e-type=\"widget\" data-widget_type=\"image.default\">\n\t\t\t\t<div class=\"elementor-widget-container\">\n\t\t\t\t\t\t\t\t\t\t\t\t<figure class=\"wp-caption\">\n\t\t\t\t\t\t\t\t\t\t\t<a href=\"https:\/\/braumanufaktur.tu-dortmund.de\/?page_id=1172\">\n\t\t\t\t\t\t\t<img decoding=\"async\" src=\"https:\/\/braumanufaktur.tu-dortmund.de\/wp-content\/uploads\/elementor\/thumbs\/Pottweiser-Logo-pizwxaf8jebtsolnm7xukb521m9t5k06fuba26003g.png\" title=\"Pottweiser Logo\" alt=\"Pottweiser Logo\" class=\"elementor-animation-grow\" loading=\"lazy\" \/>\t\t\t\t\t\t\t\t<\/a>\n\t\t\t\t\t\t\t\t\t\t\t<figcaption class=\"widget-image-caption wp-caption-text\">Klick f\u00fcr mehr Infortmationen<\/figcaption>\n\t\t\t\t\t\t\t\t\t\t<\/figure>\n\t\t\t\t\t\t\t\t\t<\/div>\n\t\t\t\t<\/div>\n\t\t\t\t<div class=\"elementor-element elementor-element-33406e4 elementor-widget elementor-widget-text-editor\" data-id=\"33406e4\" data-element_type=\"widget\" data-e-type=\"widget\" data-widget_type=\"text-editor.default\">\n\t\t\t\t<div class=\"elementor-widget-container\">\n\t\t\t\t\t\t\t\t\t<p style=\"text-align: justify;\">Pottweiser Pils spiegelt den Charakter des Ruhrgebiets wieder: Vollmundig, Harmonisch, Erfrischend, Ehrlich. Die mit sorgfalt gew\u00e4hlten Malz- und Hopfensorten bringen einen harmonisch bitteren, leicht s\u00fc\u00dflichen und vollmundigen Geschmack.<\/p>\t\t\t\t\t\t\t\t<\/div>\n\t\t\t\t<\/div>\n\t\t\t\t\t<\/div>\n\t\t<\/div>\n\t\t\t\t\t<\/div>\n\t\t<\/section>\n\t\t\t\t\t<\/div>\n\t\t<\/div>\n\t\t\t\t\t<\/div>\n\t\t<\/section>\n\t\t\t\t<\/div>\n\t\t","protected":false},"excerpt":{"rendered":"<p>Bonfire Klick f\u00fcr mehr Informationen Ein leichter Sommerabend, es weht eine laue Brise und eine aufregende Nacht liegt vor Dir. So ist dein Leben und so ist auch unser Bonfire Zwickl. Unser Statement an die entspannte Dortmunder Mentalit\u00e4t! Prost! Feentrunk Klick f\u00fcr mehr Informationen Mit einer m\u00e4rchenhaften Idee entstand das Feentrunk. Es ist ein fruchtiges, [&hellip;]<\/p>\n","protected":false},"author":1,"featured_media":0,"parent":0,"menu_order":1,"comment_status":"closed","ping_status":"closed","template":"","meta":{"_acf_changed":false,"footnotes":""},"class_list":["post-1578","page","type-page","status-publish","hentry"],"acf":[],"_links":{"self":[{"href":"https:\/\/braumanufaktur.tu-dortmund.de\/index.php?rest_route=\/wp\/v2\/pages\/1578","targetHints":{"allow":["GET"]}}],"collection":[{"href":"https:\/\/braumanufaktur.tu-dortmund.de\/index.php?rest_route=\/wp\/v2\/pages"}],"about":[{"href":"https:\/\/braumanufaktur.tu-dortmund.de\/index.php?rest_route=\/wp\/v2\/types\/page"}],"author":[{"embeddable":true,"href":"https:\/\/braumanufaktur.tu-dortmund.de\/index.php?rest_route=\/wp\/v2\/users\/1"}],"replies":[{"embeddable":true,"href":"https:\/\/braumanufaktur.tu-dortmund.de\/index.php?rest_route=%2Fwp%2Fv2%2Fcomments&post=1578"}],"version-history":[{"count":7,"href":"https:\/\/braumanufaktur.tu-dortmund.de\/index.php?rest_route=\/wp\/v2\/pages\/1578\/revisions"}],"predecessor-version":[{"id":1627,"href":"https:\/\/braumanufaktur.tu-dortmund.de\/index.php?rest_route=\/wp\/v2\/pages\/1578\/revisions\/1627"}],"wp:attachment":[{"href":"https:\/\/braumanufaktur.tu-dortmund.de\/index.php?rest_route=%2Fwp%2Fv2%2Fmedia&parent=1578"}],"curies":[{"name":"wp","href":"https:\/\/api.w.org\/{rel}","templated":true}]}}