{"id":1749,"date":"2023-01-31T15:00:15","date_gmt":"2023-01-31T15:00:15","guid":{"rendered":"http:\/\/braumanufaktur.tu-dortmund.de\/?page_id=1749"},"modified":"2023-02-09T15:24:48","modified_gmt":"2023-02-09T15:24:48","slug":"gruppen-2022","status":"publish","type":"page","link":"https:\/\/braumanufaktur.tu-dortmund.de\/?page_id=1749","title":{"rendered":"GRUPPEN 2022"},"content":{"rendered":"\t\t<div data-elementor-type=\"wp-page\" data-elementor-id=\"1749\" class=\"elementor elementor-1749\">\n\t\t\t\t\t\t<section class=\"elementor-section elementor-top-section elementor-element elementor-element-3fc9d76 elementor-section-full_width elementor-section-stretched elementor-section-height-default elementor-section-height-default\" data-id=\"3fc9d76\" data-element_type=\"section\" data-e-type=\"section\" data-settings=\"{&quot;stretch_section&quot;:&quot;section-stretched&quot;}\">\n\t\t\t\t\t\t<div class=\"elementor-container elementor-column-gap-default\">\n\t\t\t\t\t<div class=\"elementor-column elementor-col-100 elementor-top-column elementor-element elementor-element-e1716f7\" data-id=\"e1716f7\" data-element_type=\"column\" data-e-type=\"column\">\n\t\t\t<div class=\"elementor-widget-wrap elementor-element-populated\">\n\t\t\t\t\t\t<section class=\"elementor-section elementor-inner-section elementor-element elementor-element-3986ca2 elementor-section-boxed elementor-section-height-default elementor-section-height-default\" data-id=\"3986ca2\" data-element_type=\"section\" data-e-type=\"section\">\n\t\t\t\t\t\t<div class=\"elementor-container elementor-column-gap-extended\">\n\t\t\t\t\t<div class=\"elementor-column elementor-col-33 elementor-inner-column elementor-element elementor-element-12f954d\" data-id=\"12f954d\" data-element_type=\"column\" data-e-type=\"column\">\n\t\t\t<div class=\"elementor-widget-wrap elementor-element-populated\">\n\t\t\t\t\t\t<div class=\"elementor-element elementor-element-abf2703 elementor-widget elementor-widget-heading\" data-id=\"abf2703\" data-element_type=\"widget\" data-e-type=\"widget\" data-widget_type=\"heading.default\">\n\t\t\t\t<div class=\"elementor-widget-container\">\n\t\t\t\t\t<h2 class=\"elementor-heading-title elementor-size-default\">Helios Ale<\/h2>\t\t\t\t<\/div>\n\t\t\t\t<\/div>\n\t\t\t\t<div class=\"elementor-element elementor-element-12e1065 elementor-widget elementor-widget-spacer\" data-id=\"12e1065\" data-element_type=\"widget\" data-e-type=\"widget\" data-widget_type=\"spacer.default\">\n\t\t\t\t<div class=\"elementor-widget-container\">\n\t\t\t\t\t\t\t<div class=\"elementor-spacer\">\n\t\t\t<div class=\"elementor-spacer-inner\"><\/div>\n\t\t<\/div>\n\t\t\t\t\t\t<\/div>\n\t\t\t\t<\/div>\n\t\t\t\t<div class=\"elementor-element elementor-element-0582060 elementor-widget elementor-widget-image\" data-id=\"0582060\" data-element_type=\"widget\" data-e-type=\"widget\" data-widget_type=\"image.default\">\n\t\t\t\t<div class=\"elementor-widget-container\">\n\t\t\t\t\t\t\t\t\t\t\t\t<figure class=\"wp-caption\">\n\t\t\t\t\t\t\t\t\t\t\t<a href=\"https:\/\/braumanufaktur.tu-dortmund.de\/?page_id=1762\">\n\t\t\t\t\t\t\t<img fetchpriority=\"high\" decoding=\"async\" width=\"2048\" height=\"1580\" src=\"https:\/\/braumanufaktur.tu-dortmund.de\/wp-content\/uploads\/2023\/01\/Helios-Vorderseite-2048x1580.png\" class=\"elementor-animation-grow attachment-2048x2048 size-2048x2048 wp-image-1754\" alt=\"\" srcset=\"https:\/\/braumanufaktur.tu-dortmund.de\/wp-content\/uploads\/2023\/01\/Helios-Vorderseite-2048x1580.png 2048w, https:\/\/braumanufaktur.tu-dortmund.de\/wp-content\/uploads\/2023\/01\/Helios-Vorderseite-300x231.png 300w, https:\/\/braumanufaktur.tu-dortmund.de\/wp-content\/uploads\/2023\/01\/Helios-Vorderseite-1024x790.png 1024w, https:\/\/braumanufaktur.tu-dortmund.de\/wp-content\/uploads\/2023\/01\/Helios-Vorderseite-768x592.png 768w, https:\/\/braumanufaktur.tu-dortmund.de\/wp-content\/uploads\/2023\/01\/Helios-Vorderseite-1536x1185.png 1536w, https:\/\/braumanufaktur.tu-dortmund.de\/wp-content\/uploads\/2023\/01\/Helios-Vorderseite-1240x957.png 1240w, https:\/\/braumanufaktur.tu-dortmund.de\/wp-content\/uploads\/2023\/01\/Helios-Vorderseite-508x392.png 508w\" sizes=\"(max-width: 2048px) 100vw, 2048px\" \/>\t\t\t\t\t\t\t\t<\/a>\n\t\t\t\t\t\t\t\t\t\t\t<figcaption class=\"widget-image-caption wp-caption-text\">Klick f\u00fcr mehr Informationen<\/figcaption>\n\t\t\t\t\t\t\t\t\t\t<\/figure>\n\t\t\t\t\t\t\t\t\t<\/div>\n\t\t\t\t<\/div>\n\t\t\t\t<div class=\"elementor-element elementor-element-7549a4d elementor-widget elementor-widget-text-editor\" data-id=\"7549a4d\" data-element_type=\"widget\" data-e-type=\"widget\" data-widget_type=\"text-editor.default\">\n\t\t\t\t<div class=\"elementor-widget-container\">\n\t\t\t\t\t\t\t\t\t<p>Das Helios Ale ist ein India Pale Ale mit einzigartigem Geschmack. Pr\u00e4gend sind sind ein prickelnder Zitrus-Charakter und ein hopfenbetonter und vollmundiger K\u00f6rper mit fruchtigen, s\u00fc\u00df-bitteren Noten. Vom Olymp bis zu dir in die Hand, Helios Ale &#8211; ein wahres G\u00f6ttergeschenk!<\/p>\t\t\t\t\t\t\t\t<\/div>\n\t\t\t\t<\/div>\n\t\t\t\t\t<\/div>\n\t\t<\/div>\n\t\t\t\t<div class=\"elementor-column elementor-col-33 elementor-inner-column elementor-element elementor-element-9947825\" data-id=\"9947825\" data-element_type=\"column\" data-e-type=\"column\">\n\t\t\t<div class=\"elementor-widget-wrap elementor-element-populated\">\n\t\t\t\t\t\t<div class=\"elementor-element elementor-element-0d0637a elementor-widget elementor-widget-heading\" data-id=\"0d0637a\" data-element_type=\"widget\" data-e-type=\"widget\" data-widget_type=\"heading.default\">\n\t\t\t\t<div class=\"elementor-widget-container\">\n\t\t\t\t\t<h2 class=\"elementor-heading-title elementor-size-default\">Ragnared<\/h2>\t\t\t\t<\/div>\n\t\t\t\t<\/div>\n\t\t\t\t<div class=\"elementor-element elementor-element-83aa3f2 elementor-widget elementor-widget-spacer\" data-id=\"83aa3f2\" data-element_type=\"widget\" data-e-type=\"widget\" data-widget_type=\"spacer.default\">\n\t\t\t\t<div class=\"elementor-widget-container\">\n\t\t\t\t\t\t\t<div class=\"elementor-spacer\">\n\t\t\t<div class=\"elementor-spacer-inner\"><\/div>\n\t\t<\/div>\n\t\t\t\t\t\t<\/div>\n\t\t\t\t<\/div>\n\t\t\t\t<div class=\"elementor-element elementor-element-1e164a4 elementor-widget elementor-widget-image\" data-id=\"1e164a4\" data-element_type=\"widget\" data-e-type=\"widget\" data-widget_type=\"image.default\">\n\t\t\t\t<div class=\"elementor-widget-container\">\n\t\t\t\t\t\t\t\t\t\t\t\t<figure class=\"wp-caption\">\n\t\t\t\t\t\t\t\t\t\t\t<a href=\"https:\/\/braumanufaktur.tu-dortmund.de\/?page_id=1782\">\n\t\t\t\t\t\t\t<img decoding=\"async\" width=\"1169\" height=\"1166\" src=\"https:\/\/braumanufaktur.tu-dortmund.de\/wp-content\/uploads\/2023\/01\/Logo_Vorderseite_9cm.png\" class=\"elementor-animation-grow attachment-2048x2048 size-2048x2048 wp-image-1751\" alt=\"\" srcset=\"https:\/\/braumanufaktur.tu-dortmund.de\/wp-content\/uploads\/2023\/01\/Logo_Vorderseite_9cm.png 1169w, https:\/\/braumanufaktur.tu-dortmund.de\/wp-content\/uploads\/2023\/01\/Logo_Vorderseite_9cm-300x300.png 300w, https:\/\/braumanufaktur.tu-dortmund.de\/wp-content\/uploads\/2023\/01\/Logo_Vorderseite_9cm-1024x1021.png 1024w, https:\/\/braumanufaktur.tu-dortmund.de\/wp-content\/uploads\/2023\/01\/Logo_Vorderseite_9cm-150x150.png 150w, https:\/\/braumanufaktur.tu-dortmund.de\/wp-content\/uploads\/2023\/01\/Logo_Vorderseite_9cm-768x766.png 768w, https:\/\/braumanufaktur.tu-dortmund.de\/wp-content\/uploads\/2023\/01\/Logo_Vorderseite_9cm-508x507.png 508w\" sizes=\"(max-width: 1169px) 100vw, 1169px\" \/>\t\t\t\t\t\t\t\t<\/a>\n\t\t\t\t\t\t\t\t\t\t\t<figcaption class=\"widget-image-caption wp-caption-text\">Klick f\u00fcr mehr Informationen<\/figcaption>\n\t\t\t\t\t\t\t\t\t\t<\/figure>\n\t\t\t\t\t\t\t\t\t<\/div>\n\t\t\t\t<\/div>\n\t\t\t\t<div class=\"elementor-element elementor-element-2014cb1 elementor-widget elementor-widget-text-editor\" data-id=\"2014cb1\" data-element_type=\"widget\" data-e-type=\"widget\" data-widget_type=\"text-editor.default\">\n\t\t\t\t<div class=\"elementor-widget-container\">\n\t\t\t\t\t\t\t\t\t<p>Das Ragnared ist ein Irish Red Ale mit karamelligem, fruchtigem Geschmack, der von der W\u00fcrze her an trockenen Met erinnert. Ein St\u00fcck irischer Tradition geschmacklich auf einer Linie mit dem Kulturgetr\u00e4nk der Wikinger. Zum Ragnar\u00f6k ein Ragnared!<\/p>\t\t\t\t\t\t\t\t<\/div>\n\t\t\t\t<\/div>\n\t\t\t\t\t<\/div>\n\t\t<\/div>\n\t\t\t\t<div class=\"elementor-column elementor-col-33 elementor-inner-column elementor-element elementor-element-bea088e\" data-id=\"bea088e\" data-element_type=\"column\" data-e-type=\"column\">\n\t\t\t<div class=\"elementor-widget-wrap elementor-element-populated\">\n\t\t\t\t\t\t<div class=\"elementor-element elementor-element-f2a16ac elementor-widget elementor-widget-heading\" data-id=\"f2a16ac\" data-element_type=\"widget\" data-e-type=\"widget\" data-widget_type=\"heading.default\">\n\t\t\t\t<div class=\"elementor-widget-container\">\n\t\t\t\t\t<h2 class=\"elementor-heading-title elementor-size-default\">Lichtschalter Hell<\/h2>\t\t\t\t<\/div>\n\t\t\t\t<\/div>\n\t\t\t\t<div class=\"elementor-element elementor-element-d7d1c30 elementor-widget elementor-widget-image\" data-id=\"d7d1c30\" data-element_type=\"widget\" data-e-type=\"widget\" data-widget_type=\"image.default\">\n\t\t\t\t<div class=\"elementor-widget-container\">\n\t\t\t\t\t\t\t\t\t\t\t\t<figure class=\"wp-caption\">\n\t\t\t\t\t\t\t\t\t\t\t<a href=\"https:\/\/braumanufaktur.tu-dortmund.de\/?page_id=1801\">\n\t\t\t\t\t\t\t<img decoding=\"async\" width=\"583\" height=\"757\" src=\"https:\/\/braumanufaktur.tu-dortmund.de\/wp-content\/uploads\/2023\/01\/Lichtschalter-Vorderseite.png\" class=\"elementor-animation-grow attachment-2048x2048 size-2048x2048 wp-image-1753\" alt=\"\" srcset=\"https:\/\/braumanufaktur.tu-dortmund.de\/wp-content\/uploads\/2023\/01\/Lichtschalter-Vorderseite.png 583w, https:\/\/braumanufaktur.tu-dortmund.de\/wp-content\/uploads\/2023\/01\/Lichtschalter-Vorderseite-231x300.png 231w, https:\/\/braumanufaktur.tu-dortmund.de\/wp-content\/uploads\/2023\/01\/Lichtschalter-Vorderseite-508x660.png 508w\" sizes=\"(max-width: 583px) 100vw, 583px\" \/>\t\t\t\t\t\t\t\t<\/a>\n\t\t\t\t\t\t\t\t\t\t\t<figcaption class=\"widget-image-caption wp-caption-text\">Klick f\u00fcr mehr Infortmationen<\/figcaption>\n\t\t\t\t\t\t\t\t\t\t<\/figure>\n\t\t\t\t\t\t\t\t\t<\/div>\n\t\t\t\t<\/div>\n\t\t\t\t<div class=\"elementor-element elementor-element-2bd7716 elementor-widget elementor-widget-text-editor\" data-id=\"2bd7716\" data-element_type=\"widget\" data-e-type=\"widget\" data-widget_type=\"text-editor.default\">\n\t\t\t\t<div class=\"elementor-widget-container\">\n\t\t\t\t\t\t\t\t\t<p>Die Komposition genau ausgew\u00e4hlter Malze in Verbindung mit dem Herkules und Diamant Hopfen machen aus dem Lichtschalter Hell ein hervorragendes Helles mit einem leicht blumigen Abgang. Ein Bier, das seines Gleichen sucht. Ein klassischer Lichtschalter eben &#8211; wie immer ein wahrer Trinkgenuss.<\/p>\t\t\t\t\t\t\t\t<\/div>\n\t\t\t\t<\/div>\n\t\t\t\t\t<\/div>\n\t\t<\/div>\n\t\t\t\t\t<\/div>\n\t\t<\/section>\n\t\t\t\t\t<\/div>\n\t\t<\/div>\n\t\t\t\t\t<\/div>\n\t\t<\/section>\n\t\t\t\t<\/div>\n\t\t","protected":false},"excerpt":{"rendered":"<p>Helios Ale Klick f\u00fcr mehr Informationen Das Helios Ale ist ein India Pale Ale mit einzigartigem Geschmack. Pr\u00e4gend sind sind ein prickelnder Zitrus-Charakter und ein hopfenbetonter und vollmundiger K\u00f6rper mit fruchtigen, s\u00fc\u00df-bitteren Noten. Vom Olymp bis zu dir in die Hand, Helios Ale &#8211; ein wahres G\u00f6ttergeschenk! Ragnared Klick f\u00fcr mehr Informationen Das Ragnared ist [&hellip;]<\/p>\n","protected":false},"author":1,"featured_media":0,"parent":0,"menu_order":0,"comment_status":"closed","ping_status":"closed","template":"","meta":{"_acf_changed":false,"footnotes":""},"class_list":["post-1749","page","type-page","status-publish","hentry"],"acf":[],"_links":{"self":[{"href":"https:\/\/braumanufaktur.tu-dortmund.de\/index.php?rest_route=\/wp\/v2\/pages\/1749","targetHints":{"allow":["GET"]}}],"collection":[{"href":"https:\/\/braumanufaktur.tu-dortmund.de\/index.php?rest_route=\/wp\/v2\/pages"}],"about":[{"href":"https:\/\/braumanufaktur.tu-dortmund.de\/index.php?rest_route=\/wp\/v2\/types\/page"}],"author":[{"embeddable":true,"href":"https:\/\/braumanufaktur.tu-dortmund.de\/index.php?rest_route=\/wp\/v2\/users\/1"}],"replies":[{"embeddable":true,"href":"https:\/\/braumanufaktur.tu-dortmund.de\/index.php?rest_route=%2Fwp%2Fv2%2Fcomments&post=1749"}],"version-history":[{"count":19,"href":"https:\/\/braumanufaktur.tu-dortmund.de\/index.php?rest_route=\/wp\/v2\/pages\/1749\/revisions"}],"predecessor-version":[{"id":2067,"href":"https:\/\/braumanufaktur.tu-dortmund.de\/index.php?rest_route=\/wp\/v2\/pages\/1749\/revisions\/2067"}],"wp:attachment":[{"href":"https:\/\/braumanufaktur.tu-dortmund.de\/index.php?rest_route=%2Fwp%2Fv2%2Fmedia&parent=1749"}],"curies":[{"name":"wp","href":"https:\/\/api.w.org\/{rel}","templated":true}]}}