{"id":1762,"date":"2023-01-31T15:48:02","date_gmt":"2023-01-31T15:48:02","guid":{"rendered":"http:\/\/braumanufaktur.tu-dortmund.de\/?page_id=1762"},"modified":"2023-02-09T11:48:58","modified_gmt":"2023-02-09T11:48:58","slug":"helios-ale","status":"publish","type":"page","link":"https:\/\/braumanufaktur.tu-dortmund.de\/?page_id=1762","title":{"rendered":"Helios Ale (3. Platz)"},"content":{"rendered":"\t\t<div data-elementor-type=\"wp-page\" data-elementor-id=\"1762\" class=\"elementor elementor-1762\">\n\t\t\t\t\t\t<section class=\"elementor-section elementor-top-section elementor-element elementor-element-4c2c4da elementor-section-stretched elementor-section-boxed elementor-section-height-default elementor-section-height-default\" data-id=\"4c2c4da\" data-element_type=\"section\" data-e-type=\"section\" data-settings=\"{&quot;stretch_section&quot;:&quot;section-stretched&quot;}\">\n\t\t\t\t\t\t<div class=\"elementor-container elementor-column-gap-default\">\n\t\t\t\t\t<div class=\"elementor-column elementor-col-100 elementor-top-column elementor-element elementor-element-4edd46a\" data-id=\"4edd46a\" data-element_type=\"column\" data-e-type=\"column\">\n\t\t\t<div class=\"elementor-widget-wrap elementor-element-populated\">\n\t\t\t\t\t\t<section class=\"elementor-section elementor-inner-section elementor-element elementor-element-af4900f elementor-section-boxed elementor-section-height-default elementor-section-height-default\" data-id=\"af4900f\" data-element_type=\"section\" data-e-type=\"section\">\n\t\t\t\t\t\t<div class=\"elementor-container elementor-column-gap-default\">\n\t\t\t\t\t<div class=\"elementor-column elementor-col-33 elementor-inner-column elementor-element elementor-element-b22a787\" data-id=\"b22a787\" data-element_type=\"column\" data-e-type=\"column\">\n\t\t\t<div class=\"elementor-widget-wrap elementor-element-populated\">\n\t\t\t\t\t\t<div class=\"elementor-element elementor-element-cb7f55a elementor-widget elementor-widget-image\" data-id=\"cb7f55a\" data-element_type=\"widget\" data-e-type=\"widget\" data-widget_type=\"image.default\">\n\t\t\t\t<div class=\"elementor-widget-container\">\n\t\t\t\t\t\t\t\t\t\t\t\t\t\t\t<img decoding=\"async\" src=\"https:\/\/braumanufaktur.tu-dortmund.de\/wp-content\/uploads\/elementor\/thumbs\/Helios-Vorderseite-q1h59oeetvw1pvrqq76kmg0xn1ohn7mdtzmbwkxxyo.png\" title=\"Helios Vorderseite\" alt=\"Helios Vorderseite\" loading=\"lazy\" \/>\t\t\t\t\t\t\t\t\t\t\t\t\t\t\t<\/div>\n\t\t\t\t<\/div>\n\t\t\t\t\t<\/div>\n\t\t<\/div>\n\t\t\t\t<div class=\"elementor-column elementor-col-33 elementor-inner-column elementor-element elementor-element-64cff53\" data-id=\"64cff53\" data-element_type=\"column\" data-e-type=\"column\">\n\t\t\t<div class=\"elementor-widget-wrap elementor-element-populated\">\n\t\t\t\t\t\t<div class=\"elementor-element elementor-element-94026c5 elementor-widget elementor-widget-text-editor\" data-id=\"94026c5\" data-element_type=\"widget\" data-e-type=\"widget\" data-widget_type=\"text-editor.default\">\n\t\t\t\t<div class=\"elementor-widget-container\">\n\t\t\t\t\t\t\t\t\t<p>Das Helios Ale ist ein India Pale Ale mit einzigartigem, prickelndem Zitruscharakter, vollmundigem, hopfenbetontem K\u00f6rper und fruchtigen, s\u00fc\u00df-bitteren Noten. Vom Olymp bis zu dir in die Hand, Helios Ale &#8211; ein wahres G\u00f6ttergeschenk!<\/p>\t\t\t\t\t\t\t\t<\/div>\n\t\t\t\t<\/div>\n\t\t\t\t<div class=\"elementor-element elementor-element-13eeea3 elementor-widget elementor-widget-text-editor\" data-id=\"13eeea3\" data-element_type=\"widget\" data-e-type=\"widget\" data-widget_type=\"text-editor.default\">\n\t\t\t\t<div class=\"elementor-widget-container\">\n\t\t\t\t\t\t\t\t\t<p><strong>Biertyp:<\/strong> India Pale Ale<\/p><p><strong>Alkoholgehalt:<\/strong> 5,5 Vol.%<\/p><p><strong>Bitterkeit:<\/strong> 40 IBU<\/p><p><strong>Farbe:<\/strong> 12 EBC (Bernstein)<\/p>\t\t\t\t\t\t\t\t<\/div>\n\t\t\t\t<\/div>\n\t\t\t\t\t<\/div>\n\t\t<\/div>\n\t\t\t\t<div class=\"elementor-column elementor-col-33 elementor-inner-column elementor-element elementor-element-66653c5\" data-id=\"66653c5\" data-element_type=\"column\" data-e-type=\"column\">\n\t\t\t<div class=\"elementor-widget-wrap elementor-element-populated\">\n\t\t\t\t\t\t<div class=\"elementor-element elementor-element-9bd68bc elementor-widget elementor-widget-image\" data-id=\"9bd68bc\" data-element_type=\"widget\" data-e-type=\"widget\" data-widget_type=\"image.default\">\n\t\t\t\t<div class=\"elementor-widget-container\">\n\t\t\t\t\t\t\t\t\t\t\t\t\t\t\t<img fetchpriority=\"high\" decoding=\"async\" width=\"600\" height=\"769\" src=\"https:\/\/braumanufaktur.tu-dortmund.de\/wp-content\/uploads\/2023\/01\/Etikett_2-799x1024.png\" class=\"attachment-large size-large wp-image-1764\" alt=\"\" srcset=\"https:\/\/braumanufaktur.tu-dortmund.de\/wp-content\/uploads\/2023\/01\/Etikett_2-799x1024.png 799w, https:\/\/braumanufaktur.tu-dortmund.de\/wp-content\/uploads\/2023\/01\/Etikett_2-234x300.png 234w, https:\/\/braumanufaktur.tu-dortmund.de\/wp-content\/uploads\/2023\/01\/Etikett_2-768x984.png 768w, https:\/\/braumanufaktur.tu-dortmund.de\/wp-content\/uploads\/2023\/01\/Etikett_2-1199x1536.png 1199w, https:\/\/braumanufaktur.tu-dortmund.de\/wp-content\/uploads\/2023\/01\/Etikett_2-1240x1589.png 1240w, https:\/\/braumanufaktur.tu-dortmund.de\/wp-content\/uploads\/2023\/01\/Etikett_2-508x651.png 508w, https:\/\/braumanufaktur.tu-dortmund.de\/wp-content\/uploads\/2023\/01\/Etikett_2.png 1318w\" sizes=\"(max-width: 600px) 100vw, 600px\" \/>\t\t\t\t\t\t\t\t\t\t\t\t\t\t\t<\/div>\n\t\t\t\t<\/div>\n\t\t\t\t\t<\/div>\n\t\t<\/div>\n\t\t\t\t\t<\/div>\n\t\t<\/section>\n\t\t\t\t\t<\/div>\n\t\t<\/div>\n\t\t\t\t\t<\/div>\n\t\t<\/section>\n\t\t\t\t<section class=\"elementor-section elementor-top-section elementor-element elementor-element-836c959 elementor-section-stretched elementor-section-boxed elementor-section-height-default elementor-section-height-default\" data-id=\"836c959\" data-element_type=\"section\" data-e-type=\"section\" data-settings=\"{&quot;stretch_section&quot;:&quot;section-stretched&quot;}\">\n\t\t\t\t\t\t<div class=\"elementor-container elementor-column-gap-custom\">\n\t\t\t\t\t<div class=\"elementor-column elementor-col-100 elementor-top-column elementor-element elementor-element-8ef782b\" data-id=\"8ef782b\" data-element_type=\"column\" data-e-type=\"column\">\n\t\t\t<div class=\"elementor-widget-wrap elementor-element-populated\">\n\t\t\t\t\t\t<section class=\"elementor-section elementor-inner-section elementor-element elementor-element-1ea491c elementor-section-boxed elementor-section-height-default elementor-section-height-default\" data-id=\"1ea491c\" data-element_type=\"section\" data-e-type=\"section\">\n\t\t\t\t\t\t<div class=\"elementor-container elementor-column-gap-default\">\n\t\t\t\t\t<div class=\"elementor-column elementor-col-50 elementor-inner-column elementor-element elementor-element-f309b2a\" data-id=\"f309b2a\" data-element_type=\"column\" data-e-type=\"column\">\n\t\t\t<div class=\"elementor-widget-wrap elementor-element-populated\">\n\t\t\t\t\t\t<div class=\"elementor-element elementor-element-c2c8e94 elementor-widget elementor-widget-image\" data-id=\"c2c8e94\" data-element_type=\"widget\" data-e-type=\"widget\" data-widget_type=\"image.default\">\n\t\t\t\t<div class=\"elementor-widget-container\">\n\t\t\t\t\t\t\t\t\t\t\t\t<figure class=\"wp-caption\">\n\t\t\t\t\t\t\t\t\t\t<img decoding=\"async\" width=\"600\" height=\"450\" src=\"https:\/\/braumanufaktur.tu-dortmund.de\/wp-content\/uploads\/2023\/01\/Team-IPA-1024x768.jpeg\" class=\"attachment-large size-large wp-image-1834\" alt=\"\" srcset=\"https:\/\/braumanufaktur.tu-dortmund.de\/wp-content\/uploads\/2023\/01\/Team-IPA-1024x768.jpeg 1024w, https:\/\/braumanufaktur.tu-dortmund.de\/wp-content\/uploads\/2023\/01\/Team-IPA-300x225.jpeg 300w, https:\/\/braumanufaktur.tu-dortmund.de\/wp-content\/uploads\/2023\/01\/Team-IPA-768x576.jpeg 768w, https:\/\/braumanufaktur.tu-dortmund.de\/wp-content\/uploads\/2023\/01\/Team-IPA-1536x1152.jpeg 1536w, https:\/\/braumanufaktur.tu-dortmund.de\/wp-content\/uploads\/2023\/01\/Team-IPA-1240x930.jpeg 1240w, https:\/\/braumanufaktur.tu-dortmund.de\/wp-content\/uploads\/2023\/01\/Team-IPA-508x381.jpeg 508w, https:\/\/braumanufaktur.tu-dortmund.de\/wp-content\/uploads\/2023\/01\/Team-IPA.jpeg 2048w\" sizes=\"(max-width: 600px) 100vw, 600px\" \/>\t\t\t\t\t\t\t\t\t\t\t<figcaption class=\"widget-image-caption wp-caption-text\">Team \"Helios Ale\"<\/figcaption>\n\t\t\t\t\t\t\t\t\t\t<\/figure>\n\t\t\t\t\t\t\t\t\t<\/div>\n\t\t\t\t<\/div>\n\t\t\t\t\t<\/div>\n\t\t<\/div>\n\t\t\t\t<div class=\"elementor-column elementor-col-50 elementor-inner-column elementor-element elementor-element-0b30633\" data-id=\"0b30633\" data-element_type=\"column\" data-e-type=\"column\">\n\t\t\t<div class=\"elementor-widget-wrap elementor-element-populated\">\n\t\t\t\t\t\t<div class=\"elementor-element elementor-element-c08d9fb elementor-widget elementor-widget-image\" data-id=\"c08d9fb\" data-element_type=\"widget\" data-e-type=\"widget\" data-widget_type=\"image.default\">\n\t\t\t\t<div class=\"elementor-widget-container\">\n\t\t\t\t\t\t\t\t\t\t\t\t<figure class=\"wp-caption\">\n\t\t\t\t\t\t\t\t\t\t<img decoding=\"async\" width=\"600\" height=\"521\" src=\"https:\/\/braumanufaktur.tu-dortmund.de\/wp-content\/uploads\/2023\/01\/WhatsApp-Image-2023-01-31-at-16.36.331-768x667.jpeg\" class=\"attachment-medium_large size-medium_large wp-image-1766\" alt=\"\" srcset=\"https:\/\/braumanufaktur.tu-dortmund.de\/wp-content\/uploads\/2023\/01\/WhatsApp-Image-2023-01-31-at-16.36.331-768x667.jpeg 768w, https:\/\/braumanufaktur.tu-dortmund.de\/wp-content\/uploads\/2023\/01\/WhatsApp-Image-2023-01-31-at-16.36.331-300x261.jpeg 300w, https:\/\/braumanufaktur.tu-dortmund.de\/wp-content\/uploads\/2023\/01\/WhatsApp-Image-2023-01-31-at-16.36.331-508x441.jpeg 508w, https:\/\/braumanufaktur.tu-dortmund.de\/wp-content\/uploads\/2023\/01\/WhatsApp-Image-2023-01-31-at-16.36.331.jpeg 1000w\" sizes=\"(max-width: 600px) 100vw, 600px\" \/>\t\t\t\t\t\t\t\t\t\t\t<figcaption class=\"widget-image-caption wp-caption-text\">Flaschendesign \"Helios Ale\"<\/figcaption>\n\t\t\t\t\t\t\t\t\t\t<\/figure>\n\t\t\t\t\t\t\t\t\t<\/div>\n\t\t\t\t<\/div>\n\t\t\t\t\t<\/div>\n\t\t<\/div>\n\t\t\t\t\t<\/div>\n\t\t<\/section>\n\t\t\t\t\t<\/div>\n\t\t<\/div>\n\t\t\t\t\t<\/div>\n\t\t<\/section>\n\t\t\t\t<\/div>\n\t\t","protected":false},"excerpt":{"rendered":"<p>Das Helios Ale ist ein India Pale Ale mit einzigartigem, prickelndem Zitruscharakter, vollmundigem, hopfenbetontem K\u00f6rper und fruchtigen, s\u00fc\u00df-bitteren Noten. Vom Olymp bis zu dir in die Hand, Helios Ale &#8211; ein wahres G\u00f6ttergeschenk! Biertyp: India Pale Ale Alkoholgehalt: 5,5 Vol.% Bitterkeit: 40 IBU Farbe: 12 EBC (Bernstein) Team &#8222;Helios Ale&#8220; Flaschendesign &#8222;Helios Ale&#8220;<\/p>\n","protected":false},"author":1,"featured_media":0,"parent":0,"menu_order":0,"comment_status":"closed","ping_status":"closed","template":"","meta":{"_acf_changed":false,"footnotes":""},"class_list":["post-1762","page","type-page","status-publish","hentry"],"acf":[],"_links":{"self":[{"href":"https:\/\/braumanufaktur.tu-dortmund.de\/index.php?rest_route=\/wp\/v2\/pages\/1762","targetHints":{"allow":["GET"]}}],"collection":[{"href":"https:\/\/braumanufaktur.tu-dortmund.de\/index.php?rest_route=\/wp\/v2\/pages"}],"about":[{"href":"https:\/\/braumanufaktur.tu-dortmund.de\/index.php?rest_route=\/wp\/v2\/types\/page"}],"author":[{"embeddable":true,"href":"https:\/\/braumanufaktur.tu-dortmund.de\/index.php?rest_route=\/wp\/v2\/users\/1"}],"replies":[{"embeddable":true,"href":"https:\/\/braumanufaktur.tu-dortmund.de\/index.php?rest_route=%2Fwp%2Fv2%2Fcomments&post=1762"}],"version-history":[{"count":17,"href":"https:\/\/braumanufaktur.tu-dortmund.de\/index.php?rest_route=\/wp\/v2\/pages\/1762\/revisions"}],"predecessor-version":[{"id":1867,"href":"https:\/\/braumanufaktur.tu-dortmund.de\/index.php?rest_route=\/wp\/v2\/pages\/1762\/revisions\/1867"}],"wp:attachment":[{"href":"https:\/\/braumanufaktur.tu-dortmund.de\/index.php?rest_route=%2Fwp%2Fv2%2Fmedia&parent=1762"}],"curies":[{"name":"wp","href":"https:\/\/api.w.org\/{rel}","templated":true}]}}