{"id":1782,"date":"2023-01-31T16:00:58","date_gmt":"2023-01-31T16:00:58","guid":{"rendered":"http:\/\/braumanufaktur.tu-dortmund.de\/?page_id=1782"},"modified":"2023-02-09T11:42:47","modified_gmt":"2023-02-09T11:42:47","slug":"ragnared","status":"publish","type":"page","link":"https:\/\/braumanufaktur.tu-dortmund.de\/?page_id=1782","title":{"rendered":"Ragnared (1. Platz)"},"content":{"rendered":"\t\t<div data-elementor-type=\"wp-page\" data-elementor-id=\"1782\" class=\"elementor elementor-1782\">\n\t\t\t\t\t\t<section class=\"elementor-section elementor-top-section elementor-element elementor-element-9aebb11 elementor-section-stretched elementor-section-boxed elementor-section-height-default elementor-section-height-default\" data-id=\"9aebb11\" data-element_type=\"section\" data-e-type=\"section\" data-settings=\"{&quot;stretch_section&quot;:&quot;section-stretched&quot;}\">\n\t\t\t\t\t\t<div class=\"elementor-container elementor-column-gap-default\">\n\t\t\t\t\t<div class=\"elementor-column elementor-col-100 elementor-top-column elementor-element elementor-element-92071e7\" data-id=\"92071e7\" data-element_type=\"column\" data-e-type=\"column\">\n\t\t\t<div class=\"elementor-widget-wrap elementor-element-populated\">\n\t\t\t\t\t\t<section class=\"elementor-section elementor-inner-section elementor-element elementor-element-863d4ee elementor-section-boxed elementor-section-height-default elementor-section-height-default\" data-id=\"863d4ee\" data-element_type=\"section\" data-e-type=\"section\">\n\t\t\t\t\t\t<div class=\"elementor-container elementor-column-gap-default\">\n\t\t\t\t\t<div class=\"elementor-column elementor-col-33 elementor-inner-column elementor-element elementor-element-b66a5a6\" data-id=\"b66a5a6\" data-element_type=\"column\" data-e-type=\"column\">\n\t\t\t<div class=\"elementor-widget-wrap elementor-element-populated\">\n\t\t\t\t\t\t<div class=\"elementor-element elementor-element-f97c4bb elementor-widget elementor-widget-image\" data-id=\"f97c4bb\" data-element_type=\"widget\" data-e-type=\"widget\" data-widget_type=\"image.default\">\n\t\t\t\t<div class=\"elementor-widget-container\">\n\t\t\t\t\t\t\t\t\t\t\t\t\t\t\t<img fetchpriority=\"high\" decoding=\"async\" width=\"600\" height=\"598\" src=\"https:\/\/braumanufaktur.tu-dortmund.de\/wp-content\/uploads\/2023\/01\/Logo_Vorderseite_9cm-1024x1021.png\" class=\"attachment-large size-large wp-image-1751\" alt=\"\" srcset=\"https:\/\/braumanufaktur.tu-dortmund.de\/wp-content\/uploads\/2023\/01\/Logo_Vorderseite_9cm-1024x1021.png 1024w, https:\/\/braumanufaktur.tu-dortmund.de\/wp-content\/uploads\/2023\/01\/Logo_Vorderseite_9cm-300x300.png 300w, https:\/\/braumanufaktur.tu-dortmund.de\/wp-content\/uploads\/2023\/01\/Logo_Vorderseite_9cm-150x150.png 150w, https:\/\/braumanufaktur.tu-dortmund.de\/wp-content\/uploads\/2023\/01\/Logo_Vorderseite_9cm-768x766.png 768w, https:\/\/braumanufaktur.tu-dortmund.de\/wp-content\/uploads\/2023\/01\/Logo_Vorderseite_9cm-508x507.png 508w, https:\/\/braumanufaktur.tu-dortmund.de\/wp-content\/uploads\/2023\/01\/Logo_Vorderseite_9cm.png 1169w\" sizes=\"(max-width: 600px) 100vw, 600px\" \/>\t\t\t\t\t\t\t\t\t\t\t\t\t\t\t<\/div>\n\t\t\t\t<\/div>\n\t\t\t\t\t<\/div>\n\t\t<\/div>\n\t\t\t\t<div class=\"elementor-column elementor-col-33 elementor-inner-column elementor-element elementor-element-26023dc\" data-id=\"26023dc\" data-element_type=\"column\" data-e-type=\"column\">\n\t\t\t<div class=\"elementor-widget-wrap elementor-element-populated\">\n\t\t\t\t\t\t<div class=\"elementor-element elementor-element-434bcbf elementor-widget elementor-widget-text-editor\" data-id=\"434bcbf\" data-element_type=\"widget\" data-e-type=\"widget\" data-widget_type=\"text-editor.default\">\n\t\t\t\t<div class=\"elementor-widget-container\">\n\t\t\t\t\t\t\t\t\t<p>Das Ragnared ist ein Irish Red Ale mit karamelligem, fruchtigem Geschmack, der von der W\u00fcrze her an trockenen Met erinnert. Ein St\u00fcck irischer Tradition geschmacklich auf einer Linie mit dem Kulturgetr\u00e4nk der Wikinger. Zum Ragnar\u00f6k ein Ragnared!<\/p>\t\t\t\t\t\t\t\t<\/div>\n\t\t\t\t<\/div>\n\t\t\t\t<div class=\"elementor-element elementor-element-470681d elementor-widget elementor-widget-text-editor\" data-id=\"470681d\" data-element_type=\"widget\" data-e-type=\"widget\" data-widget_type=\"text-editor.default\">\n\t\t\t\t<div class=\"elementor-widget-container\">\n\t\t\t\t\t\t\t\t\t<p><strong>Biertyp:<\/strong> Irish Red Ale<\/p><p><strong>Alkoholgehalt:<\/strong> 4,3 Vol.%<\/p><p><strong>Bitterkeit:<\/strong> 22 IBU<\/p><p><strong>Farbe:<\/strong> 22,7 EBC (Kupfer)<\/p>\t\t\t\t\t\t\t\t<\/div>\n\t\t\t\t<\/div>\n\t\t\t\t\t<\/div>\n\t\t<\/div>\n\t\t\t\t<div class=\"elementor-column elementor-col-33 elementor-inner-column elementor-element elementor-element-0e2ae69\" data-id=\"0e2ae69\" data-element_type=\"column\" data-e-type=\"column\">\n\t\t\t<div class=\"elementor-widget-wrap elementor-element-populated\">\n\t\t\t\t\t\t<div class=\"elementor-element elementor-element-87c30fe elementor-widget elementor-widget-image\" data-id=\"87c30fe\" data-element_type=\"widget\" data-e-type=\"widget\" data-widget_type=\"image.default\">\n\t\t\t\t<div class=\"elementor-widget-container\">\n\t\t\t\t\t\t\t\t\t\t\t\t\t\t\t<img decoding=\"async\" width=\"600\" height=\"600\" src=\"https:\/\/braumanufaktur.tu-dortmund.de\/wp-content\/uploads\/2023\/01\/Logo_Rueckseite_9cm-1024x1024.png\" class=\"attachment-large size-large wp-image-1784\" alt=\"\" srcset=\"https:\/\/braumanufaktur.tu-dortmund.de\/wp-content\/uploads\/2023\/01\/Logo_Rueckseite_9cm-1024x1024.png 1024w, https:\/\/braumanufaktur.tu-dortmund.de\/wp-content\/uploads\/2023\/01\/Logo_Rueckseite_9cm-300x300.png 300w, https:\/\/braumanufaktur.tu-dortmund.de\/wp-content\/uploads\/2023\/01\/Logo_Rueckseite_9cm-150x150.png 150w, https:\/\/braumanufaktur.tu-dortmund.de\/wp-content\/uploads\/2023\/01\/Logo_Rueckseite_9cm-768x767.png 768w, https:\/\/braumanufaktur.tu-dortmund.de\/wp-content\/uploads\/2023\/01\/Logo_Rueckseite_9cm-508x508.png 508w, https:\/\/braumanufaktur.tu-dortmund.de\/wp-content\/uploads\/2023\/01\/Logo_Rueckseite_9cm.png 1169w\" sizes=\"(max-width: 600px) 100vw, 600px\" \/>\t\t\t\t\t\t\t\t\t\t\t\t\t\t\t<\/div>\n\t\t\t\t<\/div>\n\t\t\t\t\t<\/div>\n\t\t<\/div>\n\t\t\t\t\t<\/div>\n\t\t<\/section>\n\t\t\t\t\t<\/div>\n\t\t<\/div>\n\t\t\t\t\t<\/div>\n\t\t<\/section>\n\t\t\t\t<section class=\"elementor-section elementor-top-section elementor-element elementor-element-81f7e34 elementor-section-stretched elementor-section-boxed elementor-section-height-default elementor-section-height-default\" data-id=\"81f7e34\" data-element_type=\"section\" data-e-type=\"section\" data-settings=\"{&quot;stretch_section&quot;:&quot;section-stretched&quot;}\">\n\t\t\t\t\t\t<div class=\"elementor-container elementor-column-gap-custom\">\n\t\t\t\t\t<div class=\"elementor-column elementor-col-100 elementor-top-column elementor-element elementor-element-61cae79\" data-id=\"61cae79\" data-element_type=\"column\" data-e-type=\"column\">\n\t\t\t<div class=\"elementor-widget-wrap elementor-element-populated\">\n\t\t\t\t\t\t<section class=\"elementor-section elementor-inner-section elementor-element elementor-element-754e7be elementor-section-boxed elementor-section-height-default elementor-section-height-default\" data-id=\"754e7be\" data-element_type=\"section\" data-e-type=\"section\">\n\t\t\t\t\t\t<div class=\"elementor-container elementor-column-gap-default\">\n\t\t\t\t\t<div class=\"elementor-column elementor-col-50 elementor-inner-column elementor-element elementor-element-5ae112b\" data-id=\"5ae112b\" data-element_type=\"column\" data-e-type=\"column\">\n\t\t\t<div class=\"elementor-widget-wrap elementor-element-populated\">\n\t\t\t\t\t\t<div class=\"elementor-element elementor-element-0249b27 elementor-widget elementor-widget-spacer\" data-id=\"0249b27\" data-element_type=\"widget\" data-e-type=\"widget\" data-widget_type=\"spacer.default\">\n\t\t\t\t<div class=\"elementor-widget-container\">\n\t\t\t\t\t\t\t<div class=\"elementor-spacer\">\n\t\t\t<div class=\"elementor-spacer-inner\"><\/div>\n\t\t<\/div>\n\t\t\t\t\t\t<\/div>\n\t\t\t\t<\/div>\n\t\t\t\t<div class=\"elementor-element elementor-element-f6bd964 elementor-widget elementor-widget-image\" data-id=\"f6bd964\" data-element_type=\"widget\" data-e-type=\"widget\" data-widget_type=\"image.default\">\n\t\t\t\t<div class=\"elementor-widget-container\">\n\t\t\t\t\t\t\t\t\t\t\t\t<figure class=\"wp-caption\">\n\t\t\t\t\t\t\t\t\t\t<img decoding=\"async\" width=\"1536\" height=\"1152\" src=\"https:\/\/braumanufaktur.tu-dortmund.de\/wp-content\/uploads\/2023\/01\/WhatsApp-Image-2023-01-31-at-16.37.011-1536x1152.jpeg\" class=\"attachment-1536x1536 size-1536x1536 wp-image-1785\" alt=\"\" srcset=\"https:\/\/braumanufaktur.tu-dortmund.de\/wp-content\/uploads\/2023\/01\/WhatsApp-Image-2023-01-31-at-16.37.011-1536x1152.jpeg 1536w, https:\/\/braumanufaktur.tu-dortmund.de\/wp-content\/uploads\/2023\/01\/WhatsApp-Image-2023-01-31-at-16.37.011-300x225.jpeg 300w, https:\/\/braumanufaktur.tu-dortmund.de\/wp-content\/uploads\/2023\/01\/WhatsApp-Image-2023-01-31-at-16.37.011-1024x768.jpeg 1024w, https:\/\/braumanufaktur.tu-dortmund.de\/wp-content\/uploads\/2023\/01\/WhatsApp-Image-2023-01-31-at-16.37.011-768x576.jpeg 768w, https:\/\/braumanufaktur.tu-dortmund.de\/wp-content\/uploads\/2023\/01\/WhatsApp-Image-2023-01-31-at-16.37.011-1240x930.jpeg 1240w, https:\/\/braumanufaktur.tu-dortmund.de\/wp-content\/uploads\/2023\/01\/WhatsApp-Image-2023-01-31-at-16.37.011-508x381.jpeg 508w, https:\/\/braumanufaktur.tu-dortmund.de\/wp-content\/uploads\/2023\/01\/WhatsApp-Image-2023-01-31-at-16.37.011.jpeg 2048w\" sizes=\"(max-width: 1536px) 100vw, 1536px\" \/>\t\t\t\t\t\t\t\t\t\t\t<figcaption class=\"widget-image-caption wp-caption-text\">Team \"Ragnared\"<\/figcaption>\n\t\t\t\t\t\t\t\t\t\t<\/figure>\n\t\t\t\t\t\t\t\t\t<\/div>\n\t\t\t\t<\/div>\n\t\t\t\t\t<\/div>\n\t\t<\/div>\n\t\t\t\t<div class=\"elementor-column elementor-col-50 elementor-inner-column elementor-element elementor-element-ed5f7a1\" data-id=\"ed5f7a1\" data-element_type=\"column\" data-e-type=\"column\">\n\t\t\t<div class=\"elementor-widget-wrap elementor-element-populated\">\n\t\t\t\t\t\t<div class=\"elementor-element elementor-element-af5a82b elementor-widget elementor-widget-image\" data-id=\"af5a82b\" data-element_type=\"widget\" data-e-type=\"widget\" data-widget_type=\"image.default\">\n\t\t\t\t<div class=\"elementor-widget-container\">\n\t\t\t\t\t\t\t\t\t\t\t\t<figure class=\"wp-caption\">\n\t\t\t\t\t\t\t\t\t\t<img loading=\"lazy\" decoding=\"async\" width=\"547\" height=\"897\" src=\"https:\/\/braumanufaktur.tu-dortmund.de\/wp-content\/uploads\/2023\/01\/Red-Ale-Flasche.png\" class=\"attachment-medium_large size-medium_large wp-image-1786\" alt=\"\" srcset=\"https:\/\/braumanufaktur.tu-dortmund.de\/wp-content\/uploads\/2023\/01\/Red-Ale-Flasche.png 547w, https:\/\/braumanufaktur.tu-dortmund.de\/wp-content\/uploads\/2023\/01\/Red-Ale-Flasche-183x300.png 183w, https:\/\/braumanufaktur.tu-dortmund.de\/wp-content\/uploads\/2023\/01\/Red-Ale-Flasche-508x833.png 508w\" sizes=\"(max-width: 547px) 100vw, 547px\" \/>\t\t\t\t\t\t\t\t\t\t\t<figcaption class=\"widget-image-caption wp-caption-text\">Flaschendesign \"Ragnared\"<\/figcaption>\n\t\t\t\t\t\t\t\t\t\t<\/figure>\n\t\t\t\t\t\t\t\t\t<\/div>\n\t\t\t\t<\/div>\n\t\t\t\t\t<\/div>\n\t\t<\/div>\n\t\t\t\t\t<\/div>\n\t\t<\/section>\n\t\t\t\t\t<\/div>\n\t\t<\/div>\n\t\t\t\t\t<\/div>\n\t\t<\/section>\n\t\t\t\t<\/div>\n\t\t","protected":false},"excerpt":{"rendered":"<p>Das Ragnared ist ein Irish Red Ale mit karamelligem, fruchtigem Geschmack, der von der W\u00fcrze her an trockenen Met erinnert. Ein St\u00fcck irischer Tradition geschmacklich auf einer Linie mit dem Kulturgetr\u00e4nk der Wikinger. Zum Ragnar\u00f6k ein Ragnared! Biertyp: Irish Red Ale Alkoholgehalt: 4,3 Vol.% Bitterkeit: 22 IBU Farbe: 22,7 EBC (Kupfer) Team &#8222;Ragnared&#8220; Flaschendesign &#8222;Ragnared&#8220;<\/p>\n","protected":false},"author":1,"featured_media":0,"parent":0,"menu_order":0,"comment_status":"closed","ping_status":"closed","template":"","meta":{"_acf_changed":false,"footnotes":""},"class_list":["post-1782","page","type-page","status-publish","hentry"],"acf":[],"_links":{"self":[{"href":"https:\/\/braumanufaktur.tu-dortmund.de\/index.php?rest_route=\/wp\/v2\/pages\/1782","targetHints":{"allow":["GET"]}}],"collection":[{"href":"https:\/\/braumanufaktur.tu-dortmund.de\/index.php?rest_route=\/wp\/v2\/pages"}],"about":[{"href":"https:\/\/braumanufaktur.tu-dortmund.de\/index.php?rest_route=\/wp\/v2\/types\/page"}],"author":[{"embeddable":true,"href":"https:\/\/braumanufaktur.tu-dortmund.de\/index.php?rest_route=\/wp\/v2\/users\/1"}],"replies":[{"embeddable":true,"href":"https:\/\/braumanufaktur.tu-dortmund.de\/index.php?rest_route=%2Fwp%2Fv2%2Fcomments&post=1782"}],"version-history":[{"count":11,"href":"https:\/\/braumanufaktur.tu-dortmund.de\/index.php?rest_route=\/wp\/v2\/pages\/1782\/revisions"}],"predecessor-version":[{"id":1857,"href":"https:\/\/braumanufaktur.tu-dortmund.de\/index.php?rest_route=\/wp\/v2\/pages\/1782\/revisions\/1857"}],"wp:attachment":[{"href":"https:\/\/braumanufaktur.tu-dortmund.de\/index.php?rest_route=%2Fwp%2Fv2%2Fmedia&parent=1782"}],"curies":[{"name":"wp","href":"https:\/\/api.w.org\/{rel}","templated":true}]}}