{"id":1937,"date":"2023-12-12T12:46:00","date_gmt":"2023-12-12T12:46:00","guid":{"rendered":"http:\/\/braumanufaktur.tu-dortmund.de\/?page_id=1937"},"modified":"2025-02-01T09:40:57","modified_gmt":"2025-02-01T09:40:57","slug":"gruppen-2023-2","status":"publish","type":"page","link":"https:\/\/braumanufaktur.tu-dortmund.de\/?page_id=1937","title":{"rendered":"Gruppen 2023"},"content":{"rendered":"\t\t<div data-elementor-type=\"wp-page\" data-elementor-id=\"1937\" class=\"elementor elementor-1937\">\n\t\t\t\t\t\t<section class=\"elementor-section elementor-top-section elementor-element elementor-element-356691ab elementor-section-boxed elementor-section-height-default elementor-section-height-default\" data-id=\"356691ab\" data-element_type=\"section\" data-e-type=\"section\">\n\t\t\t\t\t\t<div class=\"elementor-container elementor-column-gap-default\">\n\t\t\t\t\t<div class=\"elementor-column elementor-col-100 elementor-top-column elementor-element elementor-element-285537f6\" data-id=\"285537f6\" data-element_type=\"column\" data-e-type=\"column\">\n\t\t\t<div class=\"elementor-widget-wrap elementor-element-populated\">\n\t\t\t\t\t\t<div class=\"elementor-element elementor-element-213e888a elementor-widget elementor-widget-text-editor\" data-id=\"213e888a\" data-element_type=\"widget\" data-e-type=\"widget\" data-widget_type=\"text-editor.default\">\n\t\t\t\t<div class=\"elementor-widget-container\">\n\t\t\t\t\t\t\t\t\t\n<h2 class=\"wp-block-heading\">ALPENLICHT &#8211; ALPINER GLANZ<\/h2>\n\n<figure class=\"wp-block-image size-large is-resized\"><img fetchpriority=\"high\" decoding=\"async\" width=\"1024\" height=\"1024\" class=\"wp-image-1928\" style=\"width: 322px; height: auto;\" src=\"https:\/\/braumanufaktur.tu-dortmund.de\/wp-content\/uploads\/2023\/12\/ccb526c0-a935-4da6-b01b-70bd7b53ea58-1024x1024.png\" alt=\"\" srcset=\"https:\/\/braumanufaktur.tu-dortmund.de\/wp-content\/uploads\/2023\/12\/ccb526c0-a935-4da6-b01b-70bd7b53ea58-1024x1024.png 1024w, https:\/\/braumanufaktur.tu-dortmund.de\/wp-content\/uploads\/2023\/12\/ccb526c0-a935-4da6-b01b-70bd7b53ea58-300x300.png 300w, https:\/\/braumanufaktur.tu-dortmund.de\/wp-content\/uploads\/2023\/12\/ccb526c0-a935-4da6-b01b-70bd7b53ea58-150x150.png 150w, https:\/\/braumanufaktur.tu-dortmund.de\/wp-content\/uploads\/2023\/12\/ccb526c0-a935-4da6-b01b-70bd7b53ea58-768x768.png 768w, https:\/\/braumanufaktur.tu-dortmund.de\/wp-content\/uploads\/2023\/12\/ccb526c0-a935-4da6-b01b-70bd7b53ea58-1536x1536.png 1536w, https:\/\/braumanufaktur.tu-dortmund.de\/wp-content\/uploads\/2023\/12\/ccb526c0-a935-4da6-b01b-70bd7b53ea58-1240x1240.png 1240w, https:\/\/braumanufaktur.tu-dortmund.de\/wp-content\/uploads\/2023\/12\/ccb526c0-a935-4da6-b01b-70bd7b53ea58-508x508.png 508w, https:\/\/braumanufaktur.tu-dortmund.de\/wp-content\/uploads\/2023\/12\/ccb526c0-a935-4da6-b01b-70bd7b53ea58.png 1600w\" sizes=\"(max-width: 1024px) 100vw, 1024px\" \/><\/figure>\n\n<p>Das Alpenlicht &#8211; Alpiner Glanz ist ein M\u00fcnchner Helles, welches mit seinem s\u00fcffigen und fruchtigen Aromen perfekt in den Bergen zum Wandern einl\u00e4dt. Betont durch die sch\u00f6ne helle Farbe und dem M\u00fcnchner Hellen Malz, wird mit diesem Bier bei allen Temperaturen der Tag zu einem Abenteuer.<\/p>\n\n<h2 class=\"wp-block-heading\">HEIPA NEIPA<\/h2>\n\n<figure class=\"wp-block-image size-full is-resized\"><img decoding=\"async\" width=\"1000\" height=\"1000\" class=\"wp-image-1929\" style=\"width: 292px; height: auto;\" src=\"https:\/\/braumanufaktur.tu-dortmund.de\/wp-content\/uploads\/2023\/12\/Heipa_Neipa_PNG.png\" alt=\"\" srcset=\"https:\/\/braumanufaktur.tu-dortmund.de\/wp-content\/uploads\/2023\/12\/Heipa_Neipa_PNG.png 1000w, https:\/\/braumanufaktur.tu-dortmund.de\/wp-content\/uploads\/2023\/12\/Heipa_Neipa_PNG-300x300.png 300w, https:\/\/braumanufaktur.tu-dortmund.de\/wp-content\/uploads\/2023\/12\/Heipa_Neipa_PNG-150x150.png 150w, https:\/\/braumanufaktur.tu-dortmund.de\/wp-content\/uploads\/2023\/12\/Heipa_Neipa_PNG-768x768.png 768w, https:\/\/braumanufaktur.tu-dortmund.de\/wp-content\/uploads\/2023\/12\/Heipa_Neipa_PNG-508x508.png 508w\" sizes=\"(max-width: 1000px) 100vw, 1000px\" \/><\/figure>\n\n<p>Du hast bock auf was fruchtiges? Du hast bock auf was hopfiges? Du hast bock auf ein Sommer-Bier mit mehr Umdrehungen als Mick Schumacher zu seinen besten Zeiten? Dann g\u00f6nne dir das HEIPA NEIPA &#8211; ein New England Indian Pale Ale mit 6,5 Volumenprozent und sechs verschiedenen Hopfensorten, welche dir einen runden fruchtigen K\u00f6rper liefern und jede Party zu DEINER Party machen!<\/p>\n\n<h2 class=\"wp-block-heading\">Horter M\u00e4rzen<\/h2>\n\n<figure class=\"wp-block-image size-large is-resized\"><img decoding=\"async\" width=\"819\" height=\"1024\" class=\"wp-image-1930\" style=\"width: 290px; height: auto;\" src=\"https:\/\/braumanufaktur.tu-dortmund.de\/wp-content\/uploads\/2023\/12\/Hoter_PNG-819x1024.png\" alt=\"\" \/><\/figure>\n\n<p>Die Komposition genau ausgew\u00e4hlter Malze in Verbindung mit 5,8 prozentigen Genuss! Das diesj\u00e4hrige Gewinner- Bier ist nicht zu unrecht bei der Jury eine 10\/10 geworden. Und als Bonus schm\u00fcckt Horti der Hamster als Maskottchen das Logo dieses wunderbar w\u00fcrzigen M\u00e4rzens. Prost!<\/p>\n\t\t\t\t\t\t\t\t<\/div>\n\t\t\t\t<\/div>\n\t\t\t\t\t<\/div>\n\t\t<\/div>\n\t\t\t\t\t<\/div>\n\t\t<\/section>\n\t\t\t\t<\/div>\n\t\t","protected":false},"excerpt":{"rendered":"<p>ALPENLICHT &#8211; ALPINER GLANZ Das Alpenlicht &#8211; Alpiner Glanz ist ein M\u00fcnchner Helles, welches mit seinem s\u00fcffigen und fruchtigen Aromen perfekt in den Bergen zum Wandern einl\u00e4dt. Betont durch die sch\u00f6ne helle Farbe und dem M\u00fcnchner Hellen Malz, wird mit diesem Bier bei allen Temperaturen der Tag zu einem Abenteuer. HEIPA NEIPA Du hast bock [&hellip;]<\/p>\n","protected":false},"author":1,"featured_media":0,"parent":0,"menu_order":0,"comment_status":"closed","ping_status":"closed","template":"","meta":{"_acf_changed":false,"footnotes":""},"class_list":["post-1937","page","type-page","status-publish","hentry"],"acf":[],"_links":{"self":[{"href":"https:\/\/braumanufaktur.tu-dortmund.de\/index.php?rest_route=\/wp\/v2\/pages\/1937","targetHints":{"allow":["GET"]}}],"collection":[{"href":"https:\/\/braumanufaktur.tu-dortmund.de\/index.php?rest_route=\/wp\/v2\/pages"}],"about":[{"href":"https:\/\/braumanufaktur.tu-dortmund.de\/index.php?rest_route=\/wp\/v2\/types\/page"}],"author":[{"embeddable":true,"href":"https:\/\/braumanufaktur.tu-dortmund.de\/index.php?rest_route=\/wp\/v2\/users\/1"}],"replies":[{"embeddable":true,"href":"https:\/\/braumanufaktur.tu-dortmund.de\/index.php?rest_route=%2Fwp%2Fv2%2Fcomments&post=1937"}],"version-history":[{"count":6,"href":"https:\/\/braumanufaktur.tu-dortmund.de\/index.php?rest_route=\/wp\/v2\/pages\/1937\/revisions"}],"predecessor-version":[{"id":2130,"href":"https:\/\/braumanufaktur.tu-dortmund.de\/index.php?rest_route=\/wp\/v2\/pages\/1937\/revisions\/2130"}],"wp:attachment":[{"href":"https:\/\/braumanufaktur.tu-dortmund.de\/index.php?rest_route=%2Fwp%2Fv2%2Fmedia&parent=1937"}],"curies":[{"name":"wp","href":"https:\/\/api.w.org\/{rel}","templated":true}]}}