{"id":2019,"date":"2025-01-29T21:42:22","date_gmt":"2025-01-29T21:42:22","guid":{"rendered":"http:\/\/braumanufaktur.tu-dortmund.de\/?page_id=2019"},"modified":"2025-02-01T09:47:29","modified_gmt":"2025-02-01T09:47:29","slug":"gruppen-2024","status":"publish","type":"page","link":"https:\/\/braumanufaktur.tu-dortmund.de\/?page_id=2019","title":{"rendered":"Gruppen 2024"},"content":{"rendered":"\t\t<div data-elementor-type=\"wp-page\" data-elementor-id=\"2019\" class=\"elementor elementor-2019\">\n\t\t\t\t\t\t<section class=\"elementor-section elementor-top-section elementor-element elementor-element-a927303 elementor-section-full_width elementor-section-stretched elementor-section-height-default elementor-section-height-default\" data-id=\"a927303\" data-element_type=\"section\" data-e-type=\"section\" data-settings=\"{&quot;stretch_section&quot;:&quot;section-stretched&quot;}\">\n\t\t\t\t\t\t<div class=\"elementor-container elementor-column-gap-default\">\n\t\t\t\t\t<div class=\"elementor-column elementor-col-100 elementor-top-column elementor-element elementor-element-89a55f8\" data-id=\"89a55f8\" data-element_type=\"column\" data-e-type=\"column\">\n\t\t\t<div class=\"elementor-widget-wrap elementor-element-populated\">\n\t\t\t\t\t\t<section class=\"elementor-section elementor-inner-section elementor-element elementor-element-820a83f elementor-section-boxed elementor-section-height-default elementor-section-height-default\" data-id=\"820a83f\" data-element_type=\"section\" data-e-type=\"section\">\n\t\t\t\t\t\t<div class=\"elementor-container elementor-column-gap-extended\">\n\t\t\t\t\t<div class=\"elementor-column elementor-col-33 elementor-inner-column elementor-element elementor-element-158238a\" data-id=\"158238a\" data-element_type=\"column\" data-e-type=\"column\">\n\t\t\t<div class=\"elementor-widget-wrap elementor-element-populated\">\n\t\t\t\t\t\t<div class=\"elementor-element elementor-element-942c7ac elementor-widget elementor-widget-heading\" data-id=\"942c7ac\" data-element_type=\"widget\" data-e-type=\"widget\" data-widget_type=\"heading.default\">\n\t\t\t\t<div class=\"elementor-widget-container\">\n\t\t\t\t\t<h2 class=\"elementor-heading-title elementor-size-default\">Wild westpark<\/h2>\t\t\t\t<\/div>\n\t\t\t\t<\/div>\n\t\t\t\t<div class=\"elementor-element elementor-element-1142fe1 elementor-widget__width-initial elementor-widget elementor-widget-image\" data-id=\"1142fe1\" data-element_type=\"widget\" data-e-type=\"widget\" data-widget_type=\"image.default\">\n\t\t\t\t<div class=\"elementor-widget-container\">\n\t\t\t\t\t\t\t\t\t\t\t\t\t\t\t<img fetchpriority=\"high\" decoding=\"async\" width=\"600\" height=\"630\" src=\"https:\/\/braumanufaktur.tu-dortmund.de\/wp-content\/uploads\/2025\/01\/WildWestpark-2-976x1024.png\" class=\"attachment-large size-large wp-image-2069\" alt=\"\" srcset=\"https:\/\/braumanufaktur.tu-dortmund.de\/wp-content\/uploads\/2025\/01\/WildWestpark-2-976x1024.png 976w, https:\/\/braumanufaktur.tu-dortmund.de\/wp-content\/uploads\/2025\/01\/WildWestpark-2-286x300.png 286w, https:\/\/braumanufaktur.tu-dortmund.de\/wp-content\/uploads\/2025\/01\/WildWestpark-2-768x806.png 768w, https:\/\/braumanufaktur.tu-dortmund.de\/wp-content\/uploads\/2025\/01\/WildWestpark-2-1464x1536.png 1464w, https:\/\/braumanufaktur.tu-dortmund.de\/wp-content\/uploads\/2025\/01\/WildWestpark-2-1240x1301.png 1240w, https:\/\/braumanufaktur.tu-dortmund.de\/wp-content\/uploads\/2025\/01\/WildWestpark-2-508x533.png 508w, https:\/\/braumanufaktur.tu-dortmund.de\/wp-content\/uploads\/2025\/01\/WildWestpark-2.png 1529w\" sizes=\"(max-width: 600px) 100vw, 600px\" \/>\t\t\t\t\t\t\t\t\t\t\t\t\t\t\t<\/div>\n\t\t\t\t<\/div>\n\t\t\t\t<div class=\"elementor-element elementor-element-1d8a8f7 elementor-widget__width-initial elementor-widget elementor-widget-text-editor\" data-id=\"1d8a8f7\" data-element_type=\"widget\" data-e-type=\"widget\" data-widget_type=\"text-editor.default\">\n\t\t\t\t<div class=\"elementor-widget-container\">\n\t\t\t\t\t\t\t\t\t<p style=\"text-align: start; caret-color: #000000; color: #000000;\"><strong style=\"font-family: inherit;\">&nbsp;<\/strong><\/p>\n<p style=\"text-align: start; caret-color: #000000; color: #000000;\"><strong style=\"font-family: inherit;\">American Pale Ale (APA) \u2013 Die Biersensation aus Dortmund<\/strong><\/p>\n<p style=\"text-align: start; caret-color: #000000; color: #000000;\"><span style=\"font-family: inherit;\"><br><\/span><\/p>\n<p style=\"text-align: start; caret-color: #000000; color: #000000;\"><span style=\"font-family: inherit;\">Das diesj\u00e4hrige Gewinnerbier aus dem Herzen Dortmunds, direkt am Westpark, begeistert mit einem einzigartigen Geschmackserlebnis. Unser&nbsp;<\/span><strong style=\"font-family: inherit;\">American Pale Ale (APA)<\/strong><span style=\"font-family: inherit;\">&nbsp;\u00fcberzeugt mit einer perfekt ausbalancierten Mischung aus milden Hopfennoten, fruchtiger Frische und einer angenehm s\u00fc\u00dfen Vollmundigkeit.<\/span><br><\/p>\n<p style=\"text-align: start; caret-color: #000000; color: #000000;\"><span style=\"font-family: inherit;\"><br><\/span><\/p>\n<p style=\"text-align: start; caret-color: #000000; color: #000000;\">Bei der Verkostung sorgte diese mild-hopfige Biersensation f\u00fcr Staunen \u2013 ein Genuss f\u00fcr Kenner und Neuentdecker gleicherma\u00dfen. Die feinen Aromen von&nbsp;<strong>Zitrusfr\u00fcchten, Zitronengras und Blaubeere<\/strong>&nbsp;verleihen dem APA seine fruchtige Leichtigkeit, w\u00e4hrend eine dezente&nbsp;<strong>blumige Honignote mit einem Hauch von Nuss<\/strong>&nbsp;f\u00fcr das gewisse Etwas sorgt. Mit&nbsp;<strong>5,6 % vol. Alkohol<\/strong>&nbsp;bietet es die perfekte Balance zwischen Erfrischung und Charakter.<\/p>\n<p style=\"text-align: start; caret-color: #000000; color: #000000;\"><br><\/p>\n<p style=\"text-align: start; caret-color: #000000; color: #000000;\"><strong>Gebraut mit Leidenschaft von:<\/strong><br>Janik Ahlmann, Maik Jonathan Lehmk\u00fchler, Philipp Ronnewinkel &amp; Max Schlickewei.<\/p>\n<p style=\"text-align: start; caret-color: #000000; color: #000000;\"><br><\/p>\n<p style=\"text-align: start; caret-color: #000000; color: #000000;\">Lass dich begeistern \u2013 probiere das preisgekr\u00f6nte APA und erlebe Biergenuss auf h\u00f6chstem Niveau! \ud83c\udf7b<\/p>\t\t\t\t\t\t\t\t<\/div>\n\t\t\t\t<\/div>\n\t\t\t\t\t<\/div>\n\t\t<\/div>\n\t\t\t\t<div class=\"elementor-column elementor-col-33 elementor-inner-column elementor-element elementor-element-5bf60a7\" data-id=\"5bf60a7\" data-element_type=\"column\" data-e-type=\"column\">\n\t\t\t<div class=\"elementor-widget-wrap elementor-element-populated\">\n\t\t\t\t\t\t<div class=\"elementor-element elementor-element-fa5a25a elementor-widget elementor-widget-heading\" data-id=\"fa5a25a\" data-element_type=\"widget\" data-e-type=\"widget\" data-widget_type=\"heading.default\">\n\t\t\t\t<div class=\"elementor-widget-container\">\n\t\t\t\t\t<h2 class=\"elementor-heading-title elementor-size-default\">Hopf'n'bock<\/h2>\t\t\t\t<\/div>\n\t\t\t\t<\/div>\n\t\t\t\t<div class=\"elementor-element elementor-element-9da838f elementor-widget__width-initial elementor-widget-mobile__width-initial elementor-widget elementor-widget-image\" data-id=\"9da838f\" data-element_type=\"widget\" data-e-type=\"widget\" data-widget_type=\"image.default\">\n\t\t\t\t<div class=\"elementor-widget-container\">\n\t\t\t\t\t\t\t\t\t\t\t\t\t\t\t<img decoding=\"async\" width=\"600\" height=\"669\" src=\"https:\/\/braumanufaktur.tu-dortmund.de\/wp-content\/uploads\/2025\/01\/HopfNBock-2-918x1024.jpg\" class=\"attachment-large size-large wp-image-2070\" alt=\"\" srcset=\"https:\/\/braumanufaktur.tu-dortmund.de\/wp-content\/uploads\/2025\/01\/HopfNBock-2-918x1024.jpg 918w, https:\/\/braumanufaktur.tu-dortmund.de\/wp-content\/uploads\/2025\/01\/HopfNBock-2-269x300.jpg 269w, https:\/\/braumanufaktur.tu-dortmund.de\/wp-content\/uploads\/2025\/01\/HopfNBock-2-768x857.jpg 768w, https:\/\/braumanufaktur.tu-dortmund.de\/wp-content\/uploads\/2025\/01\/HopfNBock-2-1376x1536.jpg 1376w, https:\/\/braumanufaktur.tu-dortmund.de\/wp-content\/uploads\/2025\/01\/HopfNBock-2-1240x1384.jpg 1240w, https:\/\/braumanufaktur.tu-dortmund.de\/wp-content\/uploads\/2025\/01\/HopfNBock-2-508x567.jpg 508w, https:\/\/braumanufaktur.tu-dortmund.de\/wp-content\/uploads\/2025\/01\/HopfNBock-2.jpg 1380w\" sizes=\"(max-width: 600px) 100vw, 600px\" \/>\t\t\t\t\t\t\t\t\t\t\t\t\t\t\t<\/div>\n\t\t\t\t<\/div>\n\t\t\t\t<div class=\"elementor-element elementor-element-687190f elementor-widget__width-initial elementor-widget elementor-widget-text-editor\" data-id=\"687190f\" data-element_type=\"widget\" data-e-type=\"widget\" data-widget_type=\"text-editor.default\">\n\t\t\t\t<div class=\"elementor-widget-container\">\n\t\t\t\t\t\t\t\t\t<p><span style=\"font-family: inherit; text-align: inherit;\">&nbsp; &nbsp; &nbsp; &nbsp; &nbsp; &nbsp; &nbsp; &nbsp; &nbsp; &nbsp; &nbsp; &nbsp; &nbsp; &nbsp; &nbsp; &nbsp; &nbsp; &nbsp; &nbsp; &nbsp; &nbsp; &nbsp; &nbsp; &nbsp; &nbsp; &nbsp; &nbsp; &nbsp; &nbsp; &nbsp; &nbsp; &nbsp; &nbsp; &nbsp; &nbsp; <\/span><strong style=\"caret-color: #000000; color: #000000; font-family: inherit; text-align: start;\">Weizenbock mit IPA-Charakter \u2013 Spritzig, Fruchtig, Einzigartig<\/strong><\/p>\n<p><strong style=\"caret-color: #000000; color: #000000; font-family: inherit; text-align: start;\"><br><\/strong><\/p>\n<p style=\"text-align: start; caret-color: #000000; color: #000000;\">Das zweitplatzierte Bier unseres Wettbewerbs wurde nach dem Motto&nbsp;<strong>\u201eBREWED WITH HEART \u2013 HOPPED WITH PASSION\u201c<\/strong>&nbsp;gebraut und vereint das Beste aus zwei Welten: die spritzige Frische eines IPAs mit der Tiefe und St\u00e4rke eines Weizenbocks.<\/p>\n<p style=\"text-align: start; caret-color: #000000; color: #000000;\"><br><\/p>\n<p style=\"text-align: start; caret-color: #000000; color: #000000;\">Sein unverwechselbarer Charakter besticht durch eine klassische&nbsp;<strong>IPA-Note<\/strong>, kombiniert mit einem harmonischen Spiel aus&nbsp;<strong>Stein- und Zitrusfr\u00fcchten sowie \u00c4pfeln<\/strong>. Eine&nbsp;<strong>blumige Honignote<\/strong>&nbsp;rundet das Aroma ab, w\u00e4hrend die&nbsp;<strong>milde W\u00fcrze<\/strong>dem Bier eine angenehme Tiefe verleiht. Mit einem Alkoholgehalt von&nbsp;<strong>6,9 % vol.<\/strong>&nbsp;bietet dieser Weizenbock ein intensives und dennoch erfrischendes Geschmackserlebnis.<\/p>\n<p style=\"text-align: start; caret-color: #000000; color: #000000;\"><br><\/p>\n<p style=\"text-align: start; caret-color: #000000; color: #000000;\"><strong>Gebraut mit Leidenschaft von:<\/strong><br>Thomas Hermann, Isabel Keller, Moritz Westerheide &amp; Nils Heunemann.<\/p><p style=\"text-align: start; caret-color: #000000; color: #000000;\"><br><\/p>\n<p><span style=\"caret-color: #000000; color: #000000; font-family: inherit; text-align: start;\">Erlebe die perfekte Verbindung von Weizenbock und IPA \u2013 ein Bier, das \u00fcberrascht und begeistert! \ud83c\udf7b<\/span><\/p>\t\t\t\t\t\t\t\t<\/div>\n\t\t\t\t<\/div>\n\t\t\t\t\t<\/div>\n\t\t<\/div>\n\t\t\t\t<div class=\"elementor-column elementor-col-33 elementor-inner-column elementor-element elementor-element-bb0ed29\" data-id=\"bb0ed29\" data-element_type=\"column\" data-e-type=\"column\">\n\t\t\t<div class=\"elementor-widget-wrap elementor-element-populated\">\n\t\t\t\t\t\t<div class=\"elementor-element elementor-element-4a301e8 elementor-widget elementor-widget-heading\" data-id=\"4a301e8\" data-element_type=\"widget\" data-e-type=\"widget\" data-widget_type=\"heading.default\">\n\t\t\t\t<div class=\"elementor-widget-container\">\n\t\t\t\t\t<h2 class=\"elementor-heading-title elementor-size-default\">hedgelayer<\/h2>\t\t\t\t<\/div>\n\t\t\t\t<\/div>\n\t\t\t\t<div class=\"elementor-element elementor-element-e2de27c elementor-widget elementor-widget-image\" data-id=\"e2de27c\" data-element_type=\"widget\" data-e-type=\"widget\" data-widget_type=\"image.default\">\n\t\t\t\t<div class=\"elementor-widget-container\">\n\t\t\t\t\t\t\t\t\t\t\t\t\t\t\t<img decoding=\"async\" width=\"600\" height=\"626\" src=\"https:\/\/braumanufaktur.tu-dortmund.de\/wp-content\/uploads\/2025\/01\/Heglayer-2-981x1024.png\" class=\"attachment-large size-large wp-image-2071\" alt=\"\" srcset=\"https:\/\/braumanufaktur.tu-dortmund.de\/wp-content\/uploads\/2025\/01\/Heglayer-2-981x1024.png 981w, https:\/\/braumanufaktur.tu-dortmund.de\/wp-content\/uploads\/2025\/01\/Heglayer-2-287x300.png 287w, https:\/\/braumanufaktur.tu-dortmund.de\/wp-content\/uploads\/2025\/01\/Heglayer-2-768x801.png 768w, https:\/\/braumanufaktur.tu-dortmund.de\/wp-content\/uploads\/2025\/01\/Heglayer-2-1472x1536.png 1472w, https:\/\/braumanufaktur.tu-dortmund.de\/wp-content\/uploads\/2025\/01\/Heglayer-2-1240x1294.png 1240w, https:\/\/braumanufaktur.tu-dortmund.de\/wp-content\/uploads\/2025\/01\/Heglayer-2-508x530.png 508w, https:\/\/braumanufaktur.tu-dortmund.de\/wp-content\/uploads\/2025\/01\/Heglayer-2.png 1537w\" sizes=\"(max-width: 600px) 100vw, 600px\" \/>\t\t\t\t\t\t\t\t\t\t\t\t\t\t\t<\/div>\n\t\t\t\t<\/div>\n\t\t\t\t<div class=\"elementor-element elementor-element-dd2a07b elementor-widget__width-initial elementor-widget elementor-widget-text-editor\" data-id=\"dd2a07b\" data-element_type=\"widget\" data-e-type=\"widget\" data-widget_type=\"text-editor.default\">\n\t\t\t\t<div class=\"elementor-widget-container\">\n\t\t\t\t\t\t\t\t\t<p style=\"text-align: start; caret-color: #000000; color: #000000;\"><strong>Mild English Brown \u2013 Geselligkeit im Glas<\/strong><\/p><p style=\"text-align: start; caret-color: #000000; color: #000000;\"><span style=\"font-family: inherit;\">Das diesj\u00e4hrige drittplatzierte Bier steht ganz im Zeichen von\u00a0<\/span><strong style=\"font-family: inherit;\">\u201eBEER AND FRIENDS\u201c<\/strong><span style=\"font-family: inherit;\">\u00a0\u2013 ein perfekter Begleiter f\u00fcr gesellige Runden und gem\u00fctliche Abende. Dieses\u00a0<\/span><strong style=\"font-family: inherit;\">Mild English Brown<\/strong><span style=\"font-family: inherit;\">\u00a0begeistert mit einem\u00a0<\/span><strong style=\"font-family: inherit;\">malzig-s\u00fc\u00dfen und vollmundigen Geschmack<\/strong><span style=\"font-family: inherit;\">, der zum Verweilen einl\u00e4dt.<\/span><\/p><p style=\"text-align: start; caret-color: #000000; color: #000000;\">Seine feinen Aromen von\u00a0<strong>Schokolade und N\u00fcssen<\/strong>\u00a0werden durch s\u00fc\u00dfe\u00a0<strong>Honignoten<\/strong>\u00a0harmonisch erg\u00e4nzt. Dazu kommen\u00a0<strong>milde R\u00f6staromen<\/strong>\u00a0sowie eine angenehme\u00a0<strong>erdige W\u00fcrze<\/strong>, die dem Bier eine besondere Tiefe verleihen. Mit nur\u00a0<strong>3,2 % vol. Alkohol<\/strong>\u00a0ist es leicht und dennoch geschmacklich intensiv \u2013 perfekt f\u00fcr lange, genussvolle Abende.<\/p><p style=\"text-align: start; caret-color: #000000; color: #000000;\"><strong>Gebraut mit Leidenschaft von:<\/strong><br \/>Paula Berg, Haritha Harikumar, Roberto Joe &amp; Kongara Manjunath.<\/p><p><span style=\"caret-color: #000000; color: #000000; font-family: inherit; text-align: start;\">Ein Bier f\u00fcr echte Genie\u00dfer \ud83c\udf7b<\/span><span style=\"color: white; font-family: Bahnschrift; font-size: 29pt; letter-spacing: 6.2pt; text-align: start; text-transform: uppercase;\">\u00a0j<\/span><\/p>\t\t\t\t\t\t\t\t<\/div>\n\t\t\t\t<\/div>\n\t\t\t\t\t<\/div>\n\t\t<\/div>\n\t\t\t\t\t<\/div>\n\t\t<\/section>\n\t\t\t\t\t<\/div>\n\t\t<\/div>\n\t\t\t\t\t<\/div>\n\t\t<\/section>\n\t\t\t\t<section class=\"elementor-section elementor-top-section elementor-element elementor-element-31db817 elementor-section-boxed elementor-section-height-default elementor-section-height-default\" data-id=\"31db817\" data-element_type=\"section\" data-e-type=\"section\">\n\t\t\t\t\t\t<div class=\"elementor-container elementor-column-gap-default\">\n\t\t\t\t\t<div class=\"elementor-column elementor-col-100 elementor-top-column elementor-element elementor-element-a7fe9c8\" data-id=\"a7fe9c8\" data-element_type=\"column\" data-e-type=\"column\">\n\t\t\t<div class=\"elementor-widget-wrap elementor-element-populated\">\n\t\t\t\t\t\t<div class=\"elementor-element elementor-element-770d7f3 elementor-widget elementor-widget-image\" data-id=\"770d7f3\" data-element_type=\"widget\" data-e-type=\"widget\" data-widget_type=\"image.default\">\n\t\t\t\t<div class=\"elementor-widget-container\">\n\t\t\t\t\t\t\t\t\t\t\t\t\t\t\t<img loading=\"lazy\" decoding=\"async\" width=\"600\" height=\"406\" src=\"https:\/\/braumanufaktur.tu-dortmund.de\/wp-content\/uploads\/2025\/02\/Gruppenbild-1024x693.jpg\" class=\"attachment-large size-large wp-image-2131\" alt=\"\" srcset=\"https:\/\/braumanufaktur.tu-dortmund.de\/wp-content\/uploads\/2025\/02\/Gruppenbild-1024x693.jpg 1024w, https:\/\/braumanufaktur.tu-dortmund.de\/wp-content\/uploads\/2025\/02\/Gruppenbild-300x203.jpg 300w, https:\/\/braumanufaktur.tu-dortmund.de\/wp-content\/uploads\/2025\/02\/Gruppenbild-768x519.jpg 768w, https:\/\/braumanufaktur.tu-dortmund.de\/wp-content\/uploads\/2025\/02\/Gruppenbild-1240x839.jpg 1240w, https:\/\/braumanufaktur.tu-dortmund.de\/wp-content\/uploads\/2025\/02\/Gruppenbild-508x344.jpg 508w, https:\/\/braumanufaktur.tu-dortmund.de\/wp-content\/uploads\/2025\/02\/Gruppenbild.jpg 1434w\" sizes=\"(max-width: 600px) 100vw, 600px\" \/>\t\t\t\t\t\t\t\t\t\t\t\t\t\t\t<\/div>\n\t\t\t\t<\/div>\n\t\t\t\t\t<\/div>\n\t\t<\/div>\n\t\t\t\t\t<\/div>\n\t\t<\/section>\n\t\t\t\t<\/div>\n\t\t","protected":false},"excerpt":{"rendered":"<p>Wild westpark &nbsp; American Pale Ale (APA) \u2013 Die Biersensation aus Dortmund Das diesj\u00e4hrige Gewinnerbier aus dem Herzen Dortmunds, direkt am Westpark, begeistert mit einem einzigartigen Geschmackserlebnis. Unser&nbsp;American Pale Ale (APA)&nbsp;\u00fcberzeugt mit einer perfekt ausbalancierten Mischung aus milden Hopfennoten, fruchtiger Frische und einer angenehm s\u00fc\u00dfen Vollmundigkeit. Bei der Verkostung sorgte diese mild-hopfige Biersensation f\u00fcr Staunen [&hellip;]<\/p>\n","protected":false},"author":1,"featured_media":0,"parent":0,"menu_order":0,"comment_status":"closed","ping_status":"closed","template":"","meta":{"_acf_changed":false,"footnotes":""},"class_list":["post-2019","page","type-page","status-publish","hentry"],"acf":[],"_links":{"self":[{"href":"https:\/\/braumanufaktur.tu-dortmund.de\/index.php?rest_route=\/wp\/v2\/pages\/2019","targetHints":{"allow":["GET"]}}],"collection":[{"href":"https:\/\/braumanufaktur.tu-dortmund.de\/index.php?rest_route=\/wp\/v2\/pages"}],"about":[{"href":"https:\/\/braumanufaktur.tu-dortmund.de\/index.php?rest_route=\/wp\/v2\/types\/page"}],"author":[{"embeddable":true,"href":"https:\/\/braumanufaktur.tu-dortmund.de\/index.php?rest_route=\/wp\/v2\/users\/1"}],"replies":[{"embeddable":true,"href":"https:\/\/braumanufaktur.tu-dortmund.de\/index.php?rest_route=%2Fwp%2Fv2%2Fcomments&post=2019"}],"version-history":[{"count":55,"href":"https:\/\/braumanufaktur.tu-dortmund.de\/index.php?rest_route=\/wp\/v2\/pages\/2019\/revisions"}],"predecessor-version":[{"id":2134,"href":"https:\/\/braumanufaktur.tu-dortmund.de\/index.php?rest_route=\/wp\/v2\/pages\/2019\/revisions\/2134"}],"wp:attachment":[{"href":"https:\/\/braumanufaktur.tu-dortmund.de\/index.php?rest_route=%2Fwp%2Fv2%2Fmedia&parent=2019"}],"curies":[{"name":"wp","href":"https:\/\/api.w.org\/{rel}","templated":true}]}}